{"id":35,"date":"2023-01-03T03:42:39","date_gmt":"2023-01-03T03:42:39","guid":{"rendered":"https:\/\/refugiohuellasdeamor.com\/?page_id=35"},"modified":"2025-06-30T13:08:54","modified_gmt":"2025-06-30T18:08:54","slug":"adopta","status":"publish","type":"page","link":"https:\/\/refugiohuellasdeamor.com\/en\/adopta\/","title":{"rendered":"Adopt"},"content":{"rendered":"<p>[et_pb_section fb_built=\u00bb1&#8243; _builder_version=\u00bb4.27.0&#8243; _module_preset=\u00bbdefault\u00bb background_image=\u00bbhttps:\/\/refugiohuellasdeamor.com\/wp-content\/uploads\/2023\/03\/text-blanc.png\u00bb custom_margin=\u00bb38px||||false|false\u00bb custom_margin_tablet=\u00bb38px||||false|false\u00bb custom_margin_phone=\u00bb140px||||false|false\u00bb custom_margin_last_edited=\u00bbon|phone\u00bb da_disable_devices=\u00bboff|off|off\u00bb global_colors_info=\u00bb{}\u00bb da_is_popup=\u00bboff\u00bb da_exit_intent=\u00bboff\u00bb da_has_close=\u00bbon\u00bb da_alt_close=\u00bboff\u00bb da_dark_close=\u00bboff\u00bb da_not_modal=\u00bbon\u00bb da_is_singular=\u00bboff\u00bb da_with_loader=\u00bboff\u00bb da_has_shadow=\u00bbon\u00bb][et_pb_row admin_label=\u00bbAdopta\u00bb _builder_version=\u00bb4.16&#8243; _module_preset=\u00bbdefault\u00bb custom_margin=\u00bb0px||||false|false\u00bb global_colors_info=\u00bb{}\u00bb][et_pb_column type=\u00bb4_4&#8243; _builder_version=\u00bb4.16&#8243; _module_preset=\u00bbdefault\u00bb global_colors_info=\u00bb{}\u00bb][et_pb_text _builder_version=\u00bb4.16&#8243; _module_preset=\u00bbdefault\u00bb text_font=\u00bbBudi||||||||\u00bb text_text_color=\u00bb#06B8B3&#8243; text_font_size=\u00bb72px\u00bb text_orientation=\u00bbcenter\u00bb global_colors_info=\u00bb{}\u00bb]<\/p>\n<p>Adopta<\/p>\n<p>[\/et_pb_text][\/et_pb_column][\/et_pb_row][et_pb_row column_structure=\u00bb1_2,1_2&#8243; _builder_version=\u00bb4.16&#8243; _module_preset=\u00bbdefault\u00bb global_colors_info=\u00bb{}\u00bb][et_pb_column type=\u00bb1_2&#8243; admin_label=\u00bbPerros\u00bb _builder_version=\u00bb4.27.0&#8243; _module_preset=\u00bbdefault\u00bb custom_padding_tablet=\u00bb\u00bb custom_padding_phone=\u00bb0px||||false|false\u00bb custom_padding_last_edited=\u00bbon|phone\u00bb global_colors_info=\u00bb{}\u00bb][et_pb_image src=\u00bbhttps:\/\/refugiohuellasdeamor.com\/wp-content\/uploads\/2023\/03\/adop-perros.png\u00bb title_text=\u00bb4&#8243; url=\u00bb@ET-DC@eyJkeW5hbWljIjp0cnVlLCJjb250ZW50IjoicG9zdF9saW5rX3VybF9wYWdlIiwic2V0dGluZ3MiOnsicG9zdF9pZCI6IjM3In19@\u00bb align=\u00bbcenter\u00bb _builder_version=\u00bb4.27.0&#8243; _dynamic_attributes=\u00bburl\u00bb _module_preset=\u00bbdefault\u00bb transform_scale=\u00bb90%|90%\u00bb width=\u00bb70%\u00bb module_alignment=\u00bbcenter\u00bb custom_margin_tablet=\u00bb\u00bb custom_margin_phone=\u00bb-87px||||false|false\u00bb custom_margin_last_edited=\u00bbon|phone\u00bb global_colors_info=\u00bb{}\u00bb transform_styles__hover_enabled=\u00bbon|desktop\u00bb transform_scale__hover_enabled=\u00bbon|desktop\u00bb transform_translate__hover_enabled=\u00bbon|desktop\u00bb transform_rotate__hover_enabled=\u00bbon|desktop\u00bb transform_skew__hover_enabled=\u00bbon|desktop\u00bb transform_origin__hover_enabled=\u00bbon|desktop\u00bb transform_scale__hover=\u00bb105%|105%\u00bb][\/et_pb_image][et_pb_button button_url=\u00bb@ET-DC@eyJkeW5hbWljIjp0cnVlLCJjb250ZW50IjoicG9zdF9saW5rX3VybF9wYWdlIiwic2V0dGluZ3MiOnsicG9zdF9pZCI6IjE2NjEifX0=@\u00bb button_text=\u00bb\u00a1Quiero adoptar un perrito!\u00bb button_alignment=\u00bbcenter\u00bb _builder_version=\u00bb4.16&#8243; _dynamic_attributes=\u00bbbutton_url\u00bb _module_preset=\u00bbdefault\u00bb custom_button=\u00bbon\u00bb button_text_size=\u00bb27px\u00bb button_text_color=\u00bb#535353&#8243; button_bg_color=\u00bb#FFD600&#8243; button_border_width=\u00bb0px\u00bb button_border_radius=\u00bb10px\u00bb button_icon=\u00bb&#xe089;||divi||400&#8243; global_colors_info=\u00bb{}\u00bb button_border_radius__hover_enabled=\u00bbon|desktop\u00bb button_bg_color__hover_enabled=\u00bbon|desktop\u00bb button_border_radius__hover=\u00bb10px\u00bb button_bg_color__hover=\u00bb#FFD600&#8243;][\/et_pb_button][\/et_pb_column][et_pb_column type=\u00bb1_2&#8243; admin_label=\u00bbGatos\u00bb _builder_version=\u00bb4.16&#8243; _module_preset=\u00bbdefault\u00bb global_colors_info=\u00bb{}\u00bb][et_pb_image src=\u00bbhttps:\/\/refugiohuellasdeamor.com\/wp-content\/uploads\/2023\/03\/adop-gatos.png\u00bb url=\u00bb@ET-DC@eyJkeW5hbWljIjp0cnVlLCJjb250ZW50IjoicG9zdF9saW5rX3VybF9wYWdlIiwic2V0dGluZ3MiOnsicG9zdF9pZCI6IjM5In19@\u00bb align=\u00bbcenter\u00bb _builder_version=\u00bb4.16&#8243; _dynamic_attributes=\u00bburl\u00bb _module_preset=\u00bbdefault\u00bb transform_scale=\u00bb90%|90%\u00bb width=\u00bb70%\u00bb module_alignment=\u00bbcenter\u00bb global_colors_info=\u00bb{}\u00bb transform_scale__hover=\u00bb105%|105%\u00bb transform_scale__hover_enabled=\u00bbon|hover\u00bb transform_styles__hover_enabled=\u00bbon|hover\u00bb transform_translate__hover_enabled=\u00bbon|desktop\u00bb transform_rotate__hover_enabled=\u00bbon|desktop\u00bb transform_skew__hover_enabled=\u00bbon|desktop\u00bb transform_origin__hover_enabled=\u00bbon|desktop\u00bb][\/et_pb_image][et_pb_button button_url=\u00bb@ET-DC@eyJkeW5hbWljIjp0cnVlLCJjb250ZW50IjoicG9zdF9saW5rX3VybF9wYWdlIiwic2V0dGluZ3MiOnsicG9zdF9pZCI6IjM5In19@\u00bb button_text=\u00bb\u00a1Quiero adoptar un gatito!\u00bb button_alignment=\u00bbcenter\u00bb _builder_version=\u00bb4.16&#8243; _dynamic_attributes=\u00bbbutton_url\u00bb _module_preset=\u00bbdefault\u00bb custom_button=\u00bbon\u00bb button_text_size=\u00bb27px\u00bb button_text_color=\u00bb#535353&#8243; button_bg_color=\u00bb#FFD600&#8243; button_border_width=\u00bb0px\u00bb button_border_radius=\u00bb8px\u00bb button_icon=\u00bb&#xe089;||divi||400&#8243; global_colors_info=\u00bb{}\u00bb button_border_radius__hover_enabled=\u00bbon|desktop\u00bb button_border_radius__hover=\u00bb8px\u00bb][\/et_pb_button][\/et_pb_column][\/et_pb_row][\/et_pb_section][et_pb_section fb_built=\u00bb1&#8243; _builder_version=\u00bb4.16&#8243; _module_preset=\u00bbdefault\u00bb background_color=\u00bb#06B8B3&#8243; da_disable_devices=\u00bboff|off|off\u00bb global_colors_info=\u00bb{}\u00bb da_is_popup=\u00bboff\u00bb da_exit_intent=\u00bboff\u00bb da_has_close=\u00bbon\u00bb da_alt_close=\u00bboff\u00bb da_dark_close=\u00bboff\u00bb da_not_modal=\u00bbon\u00bb da_is_singular=\u00bboff\u00bb da_with_loader=\u00bboff\u00bb da_has_shadow=\u00bbon\u00bb][et_pb_row _builder_version=\u00bb4.16&#8243; _module_preset=\u00bbdefault\u00bb module_alignment=\u00bbcenter\u00bb custom_margin=\u00bb-27px||||false|false\u00bb custom_padding=\u00bb||25px|||\u00bb global_colors_info=\u00bb{}\u00bb][et_pb_column type=\u00bb4_4&#8243; _builder_version=\u00bb4.16&#8243; _module_preset=\u00bbdefault\u00bb global_colors_info=\u00bb{}\u00bb][et_pb_text _builder_version=\u00bb4.16&#8243; _module_preset=\u00bbdefault\u00bb text_font=\u00bbBudi||||||||\u00bb text_text_color=\u00bb#FFD600&#8243; text_font_size=\u00bb46px\u00bb text_orientation=\u00bbcenter\u00bb text_font_size_tablet=\u00bb\u00bb text_font_size_phone=\u00bb31px\u00bb text_font_size_last_edited=\u00bbon|phone\u00bb global_colors_info=\u00bb{}\u00bb]<\/p>\n<p>Antes de adoptar debes saber&#8230;<\/p>\n<p>[\/et_pb_text][et_pb_text _builder_version=\u00bb4.16&#8243; _module_preset=\u00bbdefault\u00bb text_font=\u00bbRoboto||||||||\u00bb text_text_color=\u00bb#FFFFFF\u00bb text_font_size=\u00bb16px\u00bb header_4_font=\u00bbRoboto||||||||\u00bb header_4_text_color=\u00bb#FFFFFF\u00bb header_4_font_size=\u00bb17px\u00bb custom_margin=\u00bb60px||-50px||false|false\u00bb global_colors_info=\u00bb{}\u00bb]<\/p>\n<p>T\u00fa paciencia ser\u00e1 clave durante el proceso. El tiempo de adaptaci\u00f3n de un huellerito a su nuevo hogar puede variar; algunos lo asimilan casi que de inmediato, mientras que a otros les puede tomar m\u00e1s tiempo asimilar estos cambios y conocer la felicidad.<\/p>\n<p>Durante esta etapa tambi\u00e9n contar\u00e1s con nuestro apoyo, donde te brindaremos acompa\u00f1amiento en la b\u00fasqueda de soluciones y despejaremos todas tus dudas frente al comportamiento y la salud del nuevo integrante de tu familia.<\/p>\n<p>El proceso para cada uno es diferente, sin embargo, si su proceso de adaptaci\u00f3n supera las cuatro (4) semanas y desistes de \u00e9l, se iniciar\u00e1 el proceso de reintegro al Refugio de este huellerito, para el cual se aplicar\u00e1 una multa, denominada PENALIDAD INMEDIATA.<\/p>\n<p>Una vez de inicie el proceso de reintegro, pagar\u00e1s un valor de $200.000 (doscientos mil pesos colombianos) de contado, que nos ayudar\u00e1 un poco a mitigar el impacto de dicha decisi\u00f3n.<\/p>\n<p>Recuerda que todo esto est\u00e1 sujeto al Contrato de Adopci\u00f3n, el cual tiene implicaciones legales a falta de cumplimiento.<\/p>\n<p style=\"text-align: center;\">\n<p style=\"text-align: center;\"><strong><span style=\"color: #ffd600;\">Antes de adoptar, debes pensarlo bien.<\/span><\/strong><\/p>\n<p>&nbsp;<\/p>\n<div><\/div>\n<p>[\/et_pb_text][et_pb_button button_url=\u00bbhttps:\/\/wa.link\/fbhzgs\u00bb url_new_window=\u00bbon\u00bb button_text=\u00bb\u00a1Quiero adoptar!\u00bb button_alignment=\u00bbcenter\u00bb _builder_version=\u00bb4.27.0&#8243; _module_preset=\u00bbdefault\u00bb custom_button=\u00bbon\u00bb button_text_size=\u00bb23px\u00bb button_text_color=\u00bb#535353&#8243; button_bg_color=\u00bb#FFD600&#8243; button_border_width=\u00bb0px\u00bb button_icon=\u00bb&#xe089;||divi||400&#8243; custom_margin=\u00bb42px||-43px||false|false\u00bb hover_enabled=\u00bb0&#8243; global_colors_info=\u00bb{}\u00bb sticky_enabled=\u00bb0&#8243;][\/et_pb_button][\/et_pb_column][\/et_pb_row][\/et_pb_section][et_pb_section fb_built=\u00bb1&#8243; _builder_version=\u00bb4.16&#8243; _module_preset=\u00bbdefault\u00bb background_color=\u00bb#f4f4f4&#8243; background_image=\u00bbhttps:\/\/refugiohuellasdeamor.com\/wp-content\/uploads\/2023\/03\/text-blanc.png\u00bb da_disable_devices=\u00bboff|off|off\u00bb global_colors_info=\u00bb{}\u00bb da_is_popup=\u00bboff\u00bb da_exit_intent=\u00bboff\u00bb da_has_close=\u00bbon\u00bb da_alt_close=\u00bboff\u00bb da_dark_close=\u00bboff\u00bb da_not_modal=\u00bbon\u00bb da_is_singular=\u00bboff\u00bb da_with_loader=\u00bboff\u00bb da_has_shadow=\u00bbon\u00bb][et_pb_row _builder_version=\u00bb4.16&#8243; _module_preset=\u00bbdefault\u00bb background_color=\u00bbRGBA(0,0,0,0)\u00bb min_height=\u00bb100px\u00bb custom_margin=\u00bb|auto|25px|auto||\u00bb custom_padding=\u00bb||0px|||\u00bb global_colors_info=\u00bb{}\u00bb][et_pb_column type=\u00bb4_4&#8243; _builder_version=\u00bb4.16&#8243; _module_preset=\u00bbdefault\u00bb global_colors_info=\u00bb{}\u00bb][et_pb_text _builder_version=\u00bb4.16&#8243; _module_preset=\u00bbdefault\u00bb text_font=\u00bbBudi||||||||\u00bb text_text_color=\u00bb#06B8B3&#8243; text_font_size=\u00bb58px\u00bb text_line_height=\u00bb1em\u00bb text_orientation=\u00bbcenter\u00bb custom_margin=\u00bb0px||||false|false\u00bb text_font_size_tablet=\u00bb50px\u00bb text_font_size_phone=\u00bb39px\u00bb text_font_size_last_edited=\u00bbon|tablet\u00bb global_colors_info=\u00bb{}\u00bb]<\/p>\n<p>\u00a1Huelleritos felizmente adoptados!<\/p>\n<p>[\/et_pb_text][\/et_pb_column][\/et_pb_row][et_pb_row column_structure=\u00bb1_3,1_3,1_3&#8243; use_custom_gutter=\u00bbon\u00bb gutter_width=\u00bb2&#8243; _builder_version=\u00bb4.16&#8243; _module_preset=\u00bbdefault\u00bb width=\u00bb104%\u00bb max_width=\u00bb1241px\u00bb global_colors_info=\u00bb{}\u00bb][et_pb_column type=\u00bb1_3&#8243; _builder_version=\u00bb4.16&#8243; _module_preset=\u00bbdefault\u00bb global_colors_info=\u00bb{}\u00bb][et_pb_gallery gallery_ids=\u00bb1227,1207,1206,1208&#8243; fullwidth=\u00bbon\u00bb _builder_version=\u00bb4.16&#8243; _module_preset=\u00bbdefault\u00bb auto=\u00bbon\u00bb border_radii=\u00bbon|10px|10px|10px|10px\u00bb global_colors_info=\u00bb{}\u00bb][\/et_pb_gallery][et_pb_gallery gallery_ids=\u00bb1222,1221,1220,1219,1218&#8243; fullwidth=\u00bbon\u00bb _builder_version=\u00bb4.16&#8243; _module_preset=\u00bbdefault\u00bb auto=\u00bbon\u00bb border_radii=\u00bbon|10px|10px|10px|10px\u00bb global_colors_info=\u00bb{}\u00bb][\/et_pb_gallery][\/et_pb_column][et_pb_column type=\u00bb1_3&#8243; _builder_version=\u00bb4.16&#8243; _module_preset=\u00bbdefault\u00bb global_colors_info=\u00bb{}\u00bb][et_pb_gallery gallery_ids=\u00bb1211,1205,1204,1203,1202&#8243; fullwidth=\u00bbon\u00bb _builder_version=\u00bb4.16&#8243; _module_preset=\u00bbdefault\u00bb auto=\u00bbon\u00bb border_radii=\u00bbon|10px|10px|10px|10px\u00bb global_colors_info=\u00bb{}\u00bb][\/et_pb_gallery][\/et_pb_column][et_pb_column type=\u00bb1_3&#8243; _builder_version=\u00bb4.16&#8243; _module_preset=\u00bbdefault\u00bb global_colors_info=\u00bb{}\u00bb][et_pb_gallery gallery_ids=\u00bb1226,1225,1223,1224&#8243; fullwidth=\u00bbon\u00bb admin_label=\u00bbGaler\u00eda\u00bb _builder_version=\u00bb4.16&#8243; _module_preset=\u00bbdefault\u00bb auto=\u00bbon\u00bb border_radii=\u00bbon|10px|10px|10px|10px\u00bb global_colors_info=\u00bb{}\u00bb][\/et_pb_gallery][et_pb_gallery gallery_ids=\u00bb1212,1213,1214,1215&#8243; fullwidth=\u00bbon\u00bb _builder_version=\u00bb4.16&#8243; _module_preset=\u00bbdefault\u00bb custom_margin=\u00bb0px||||false|false\u00bb auto=\u00bbon\u00bb border_radii=\u00bbon|10px|10px|10px|10px\u00bb global_colors_info=\u00bb{}\u00bb][\/et_pb_gallery][et_pb_gallery gallery_ids=\u00bb433,432,434&#8243; fullwidth=\u00bbon\u00bb admin_label=\u00bbGaler\u00eda\u00bb _builder_version=\u00bb4.16&#8243; _module_preset=\u00bbdefault\u00bb auto=\u00bbon\u00bb border_radii=\u00bbon|10px|10px|10px|10px\u00bb global_colors_info=\u00bb{}\u00bb][\/et_pb_gallery][et_pb_gallery gallery_ids=\u00bb444&#8243; fullwidth=\u00bbon\u00bb admin_label=\u00bbGaler\u00eda\u00bb _builder_version=\u00bb4.16&#8243; _module_preset=\u00bbdefault\u00bb auto=\u00bbon\u00bb border_radii=\u00bbon|10px|10px|10px|10px\u00bb global_colors_info=\u00bb{}\u00bb][\/et_pb_gallery][\/et_pb_column][\/et_pb_row][\/et_pb_section]<\/p>\n","protected":false},"excerpt":{"rendered":"<p>AdoptaAntes de adoptar debes saber&#8230;T\u00fa paciencia ser\u00e1 clave durante el proceso. El tiempo de adaptaci\u00f3n de un huellerito a su nuevo hogar puede variar; algunos lo asimilan casi que de inmediato, mientras que a otros les puede tomar m\u00e1s tiempo asimilar estos cambios y conocer la felicidad. Durante esta etapa tambi\u00e9n contar\u00e1s con nuestro apoyo, [&hellip;]<\/p>\n","protected":false},"author":1,"featured_media":0,"parent":0,"menu_order":0,"comment_status":"closed","ping_status":"closed","template":"","meta":{"_et_pb_use_builder":"on","_et_pb_old_content":"","_et_gb_content_width":"","footnotes":""},"class_list":["post-35","page","type-page","status-publish","hentry"],"yoast_head":"<!-- This site is optimized with the Yoast SEO plugin v27.4 - https:\/\/yoast.com\/product\/yoast-seo-wordpress\/ -->\n<title>Adopta - Huellas de Amor<\/title>\n<meta name=\"robots\" content=\"index, follow, max-snippet:-1, max-image-preview:large, max-video-preview:-1\" \/>\n<link rel=\"canonical\" href=\"https:\/\/refugiohuellasdeamor.com\/en\/adopta\/\" \/>\n<meta property=\"og:locale\" content=\"en_US\" \/>\n<meta property=\"og:type\" content=\"article\" \/>\n<meta property=\"og:title\" content=\"Adopta - Huellas de Amor\" \/>\n<meta property=\"og:description\" content=\"AdoptaAntes de adoptar debes saber...T\u00fa paciencia ser\u00e1 clave durante el proceso. El tiempo de adaptaci\u00f3n de un huellerito a su nuevo hogar puede variar; algunos lo asimilan casi que de inmediato, mientras que a otros les puede tomar m\u00e1s tiempo asimilar estos cambios y conocer la felicidad. Durante esta etapa tambi\u00e9n contar\u00e1s con nuestro apoyo, [&hellip;]\" \/>\n<meta property=\"og:url\" content=\"https:\/\/refugiohuellasdeamor.com\/en\/adopta\/\" \/>\n<meta property=\"og:site_name\" content=\"Huellas de Amor\" \/>\n<meta property=\"article:modified_time\" content=\"2025-06-30T18:08:54+00:00\" \/>\n<meta name=\"twitter:card\" content=\"summary_large_image\" \/>\n<meta name=\"twitter:label1\" content=\"Est. reading time\" \/>\n\t<meta name=\"twitter:data1\" content=\"8 minutes\" \/>\n<script type=\"application\/ld+json\" class=\"yoast-schema-graph\">{\"@context\":\"https:\\\/\\\/schema.org\",\"@graph\":[{\"@type\":\"WebPage\",\"@id\":\"https:\\\/\\\/refugiohuellasdeamor.com\\\/adopta\\\/\",\"url\":\"https:\\\/\\\/refugiohuellasdeamor.com\\\/adopta\\\/\",\"name\":\"Adopta - Huellas de Amor\",\"isPartOf\":{\"@id\":\"https:\\\/\\\/refugiohuellasdeamor.com\\\/#website\"},\"datePublished\":\"2023-01-03T03:42:39+00:00\",\"dateModified\":\"2025-06-30T18:08:54+00:00\",\"breadcrumb\":{\"@id\":\"https:\\\/\\\/refugiohuellasdeamor.com\\\/adopta\\\/#breadcrumb\"},\"inLanguage\":\"en-US\",\"potentialAction\":[{\"@type\":\"ReadAction\",\"target\":[\"https:\\\/\\\/refugiohuellasdeamor.com\\\/adopta\\\/\"]}]},{\"@type\":\"BreadcrumbList\",\"@id\":\"https:\\\/\\\/refugiohuellasdeamor.com\\\/adopta\\\/#breadcrumb\",\"itemListElement\":[{\"@type\":\"ListItem\",\"position\":1,\"name\":\"Portada\",\"item\":\"https:\\\/\\\/refugiohuellasdeamor.com\\\/\"},{\"@type\":\"ListItem\",\"position\":2,\"name\":\"Adopta\"}]},{\"@type\":\"WebSite\",\"@id\":\"https:\\\/\\\/refugiohuellasdeamor.com\\\/#website\",\"url\":\"https:\\\/\\\/refugiohuellasdeamor.com\\\/\",\"name\":\"Huellas de Amor\",\"description\":\"\",\"potentialAction\":[{\"@type\":\"SearchAction\",\"target\":{\"@type\":\"EntryPoint\",\"urlTemplate\":\"https:\\\/\\\/refugiohuellasdeamor.com\\\/?s={search_term_string}\"},\"query-input\":{\"@type\":\"PropertyValueSpecification\",\"valueRequired\":true,\"valueName\":\"search_term_string\"}}],\"inLanguage\":\"en-US\"}]}<\/script>\n<!-- \/ Yoast SEO plugin. -->","yoast_head_json":{"title":"Adopta - Huellas de Amor","robots":{"index":"index","follow":"follow","max-snippet":"max-snippet:-1","max-image-preview":"max-image-preview:large","max-video-preview":"max-video-preview:-1"},"canonical":"https:\/\/refugiohuellasdeamor.com\/en\/adopta\/","og_locale":"en_US","og_type":"article","og_title":"Adopta - Huellas de Amor","og_description":"AdoptaAntes de adoptar debes saber...T\u00fa paciencia ser\u00e1 clave durante el proceso. El tiempo de adaptaci\u00f3n de un huellerito a su nuevo hogar puede variar; algunos lo asimilan casi que de inmediato, mientras que a otros les puede tomar m\u00e1s tiempo asimilar estos cambios y conocer la felicidad. Durante esta etapa tambi\u00e9n contar\u00e1s con nuestro apoyo, [&hellip;]","og_url":"https:\/\/refugiohuellasdeamor.com\/en\/adopta\/","og_site_name":"Huellas de Amor","article_modified_time":"2025-06-30T18:08:54+00:00","twitter_card":"summary_large_image","twitter_misc":{"Est. reading time":"8 minutes"},"schema":{"@context":"https:\/\/schema.org","@graph":[{"@type":"WebPage","@id":"https:\/\/refugiohuellasdeamor.com\/adopta\/","url":"https:\/\/refugiohuellasdeamor.com\/adopta\/","name":"Adopta - Huellas de Amor","isPartOf":{"@id":"https:\/\/refugiohuellasdeamor.com\/#website"},"datePublished":"2023-01-03T03:42:39+00:00","dateModified":"2025-06-30T18:08:54+00:00","breadcrumb":{"@id":"https:\/\/refugiohuellasdeamor.com\/adopta\/#breadcrumb"},"inLanguage":"en-US","potentialAction":[{"@type":"ReadAction","target":["https:\/\/refugiohuellasdeamor.com\/adopta\/"]}]},{"@type":"BreadcrumbList","@id":"https:\/\/refugiohuellasdeamor.com\/adopta\/#breadcrumb","itemListElement":[{"@type":"ListItem","position":1,"name":"Portada","item":"https:\/\/refugiohuellasdeamor.com\/"},{"@type":"ListItem","position":2,"name":"Adopta"}]},{"@type":"WebSite","@id":"https:\/\/refugiohuellasdeamor.com\/#website","url":"https:\/\/refugiohuellasdeamor.com\/","name":"Huellas de Amor","description":"","potentialAction":[{"@type":"SearchAction","target":{"@type":"EntryPoint","urlTemplate":"https:\/\/refugiohuellasdeamor.com\/?s={search_term_string}"},"query-input":{"@type":"PropertyValueSpecification","valueRequired":true,"valueName":"search_term_string"}}],"inLanguage":"en-US"}]}},"jetpack_sharing_enabled":true,"_links":{"self":[{"href":"https:\/\/refugiohuellasdeamor.com\/en\/wp-json\/wp\/v2\/pages\/35","targetHints":{"allow":["GET"]}}],"collection":[{"href":"https:\/\/refugiohuellasdeamor.com\/en\/wp-json\/wp\/v2\/pages"}],"about":[{"href":"https:\/\/refugiohuellasdeamor.com\/en\/wp-json\/wp\/v2\/types\/page"}],"author":[{"embeddable":true,"href":"https:\/\/refugiohuellasdeamor.com\/en\/wp-json\/wp\/v2\/users\/1"}],"replies":[{"embeddable":true,"href":"https:\/\/refugiohuellasdeamor.com\/en\/wp-json\/wp\/v2\/comments?post=35"}],"version-history":[{"count":19,"href":"https:\/\/refugiohuellasdeamor.com\/en\/wp-json\/wp\/v2\/pages\/35\/revisions"}],"predecessor-version":[{"id":3578,"href":"https:\/\/refugiohuellasdeamor.com\/en\/wp-json\/wp\/v2\/pages\/35\/revisions\/3578"}],"wp:attachment":[{"href":"https:\/\/refugiohuellasdeamor.com\/en\/wp-json\/wp\/v2\/media?parent=35"}],"curies":[{"name":"wp","href":"https:\/\/api.w.org\/{rel}","templated":true}]}}