{"id":2098,"date":"2024-01-17T16:54:02","date_gmt":"2024-01-17T21:54:02","guid":{"rendered":"https:\/\/refugiohuellasdeamor.com\/?post_type=product&#038;p=2098"},"modified":"2025-03-02T19:41:03","modified_gmt":"2025-03-03T00:41:03","slug":"bandana-i-love-rock-n-roll","status":"publish","type":"product","link":"https:\/\/refugiohuellasdeamor.com\/en\/product\/bandana-i-love-rock-n-roll\/","title":{"rendered":"Bandana I love Rock &#8216;N&#8217; Roll"},"content":{"rendered":"<p>[et_pb_section fb_built=\u00bb1&#8243; _builder_version=\u00bb4.27.0&#8243; custom_padding=\u00bb0px||||false|false\u00bb hover_enabled=\u00bb0&#8243; global_colors_info=\u00bb{}\u00bb custom_margin_last_edited=\u00bbon|desktop\u00bb custom_margin=\u00bb30px||||false|false\u00bb sticky_enabled=\u00bb0&#8243; da_is_popup=\u00bboff\u00bb da_exit_intent=\u00bboff\u00bb da_has_close=\u00bbon\u00bb da_alt_close=\u00bboff\u00bb da_dark_close=\u00bboff\u00bb da_not_modal=\u00bbon\u00bb da_is_singular=\u00bboff\u00bb da_with_loader=\u00bboff\u00bb da_has_shadow=\u00bbon\u00bb da_disable_devices=\u00bboff|off|off\u00bb custom_margin_tablet=\u00bb30px||||false|false\u00bb custom_margin_phone=\u00bb30px||||false|false\u00bb][et_pb_row _builder_version=\u00bb4.16&#8243; background_size=\u00bbinitial\u00bb background_position=\u00bbtop_left\u00bb background_repeat=\u00bbrepeat\u00bb width=\u00bb100%\u00bb custom_padding=\u00bb0px||0px||false|false\u00bb global_colors_info=\u00bb{}\u00bb][et_pb_column type=\u00bb4_4&#8243; _builder_version=\u00bb4.16&#8243; custom_padding=\u00bb|||\u00bb global_colors_info=\u00bb{}\u00bb custom_padding__hover=\u00bb|||\u00bb][et_pb_wc_breadcrumb _builder_version=\u00bb4.27.0&#8243; hover_enabled=\u00bb0&#8243; global_colors_info=\u00bb{}\u00bb sticky_enabled=\u00bb0&#8243; custom_margin_last_edited=\u00bbon|phone\u00bb custom_margin_phone=\u00bb130px||||false|false\u00bb][\/et_pb_wc_breadcrumb][et_pb_wc_cart_notice _builder_version=\u00bb4.27.0&#8243; _module_preset=\u00bb0b84a9a2-f18f-4927-9050-88f7170de696&#8243; hover_enabled=\u00bb0&#8243; global_colors_info=\u00bb{}\u00bb title_font_size_last_edited=\u00bbon|phone\u00bb title_font_size_phone=\u00bb19px\u00bb button_text_size_last_edited=\u00bbon|phone\u00bb button_text_size_phone=\u00bb19px\u00bb button_custom_margin_last_edited=\u00bbon|phone\u00bb button_custom_margin_phone=\u00bb10px||||false|false\u00bb border_radii=\u00bbon|7px|7px|7px|7px\u00bb sticky_enabled=\u00bb0&#8243;][\/et_pb_wc_cart_notice][\/et_pb_column][\/et_pb_row][et_pb_row column_structure=\u00bb1_2,1_2&#8243; _builder_version=\u00bb4.16&#8243; background_size=\u00bbinitial\u00bb background_position=\u00bbtop_left\u00bb background_repeat=\u00bbrepeat\u00bb width=\u00bb100%\u00bb custom_padding=\u00bb0px||||false|false\u00bb global_colors_info=\u00bb{}\u00bb][et_pb_column type=\u00bb1_2&#8243; _builder_version=\u00bb4.16&#8243; custom_padding=\u00bb|||\u00bb global_colors_info=\u00bb{}\u00bb custom_padding__hover=\u00bb|||\u00bb][et_pb_wc_images _builder_version=\u00bb4.16&#8243; global_colors_info=\u00bb{}\u00bb][\/et_pb_wc_images][\/et_pb_column][et_pb_column type=\u00bb1_2&#8243; _builder_version=\u00bb4.16&#8243; custom_padding=\u00bb|||\u00bb global_colors_info=\u00bb{}\u00bb custom_padding__hover=\u00bb|||\u00bb][et_pb_wc_title _builder_version=\u00bb4.27.0&#8243; _module_preset=\u00bb24aec3b1-d311-459b-af7f-140f38ded502&#8243; hover_enabled=\u00bb0&#8243; global_colors_info=\u00bb{}\u00bb header_text_align_last_edited=\u00bbon|phone\u00bb header_text_align_phone=\u00bbcenter\u00bb header_font_size_last_edited=\u00bbon|phone\u00bb header_font_size_phone=\u00bb30px\u00bb sticky_enabled=\u00bb0&#8243;][\/et_pb_wc_title][et_pb_wc_rating _builder_version=\u00bb4.16&#8243; _module_preset=\u00bb80a97d1d-0256-4d31-af0d-4848f85999a5&#8243; global_colors_info=\u00bb{}\u00bb][\/et_pb_wc_rating][et_pb_wc_price _builder_version=\u00bb4.16&#8243; _module_preset=\u00bbe236faa5-7e5a-4a57-86a7-c43fc6e67c8a\u00bb global_colors_info=\u00bb{}\u00bb][\/et_pb_wc_price][et_pb_wc_description _builder_version=\u00bb4.16&#8243; global_colors_info=\u00bb{}\u00bb][\/et_pb_wc_description][et_pb_wc_add_to_cart _builder_version=\u00bb4.16&#8243; _module_preset=\u00bb8bf5bea9-f3f8-4694-8dae-c828f41ec459&#8243; custom_margin=\u00bb-27px||||false|false\u00bb global_colors_info=\u00bb{}\u00bb][\/et_pb_wc_add_to_cart][et_pb_wc_meta _builder_version=\u00bb4.16&#8243; global_colors_info=\u00bb{}\u00bb][\/et_pb_wc_meta][\/et_pb_column][\/et_pb_row][et_pb_row _builder_version=\u00bb4.16&#8243; background_size=\u00bbinitial\u00bb background_position=\u00bbtop_left\u00bb background_repeat=\u00bbrepeat\u00bb width=\u00bb100%\u00bb global_colors_info=\u00bb{}\u00bb][et_pb_column type=\u00bb4_4&#8243; _builder_version=\u00bb4.16&#8243; custom_padding=\u00bb|||\u00bb global_colors_info=\u00bb{}\u00bb custom_padding__hover=\u00bb|||\u00bb][et_pb_wc_tabs _builder_version=\u00bb4.16&#8243; _module_preset=\u00bb67edcf26-6d39-401b-8129-b01a9787d58b\u00bb global_colors_info=\u00bb{}\u00bb]\t\t\t\t\t[\/et_pb_wc_tabs][et_pb_wc_upsells _builder_version=\u00bb4.16&#8243; global_colors_info=\u00bb{}\u00bb][\/et_pb_wc_upsells][et_pb_wc_related_products _builder_version=\u00bb4.16&#8243; _module_preset=\u00bba5878a7a-d7cf-4ee5-baea-102f891b0714&#8243; global_colors_info=\u00bb{}\u00bb][\/et_pb_wc_related_products][\/et_pb_column][\/et_pb_row][\/et_pb_section]<\/p>\n","protected":false},"excerpt":{"rendered":"<p>Our bandanas are made with love, not only highlighting the personality of your furry friends but also serving a noble purpose. Each purchase contributes to the support of the shelter, helping to provide care and attention to more than 100 animals.<\/p>\n<p>Features<\/p>\n<ul>\n<li>Double-sided. Two designs in 1 bandana<\/li>\n<li>Adjustable with metal buttons, each size can be increased and reduced in various measurements.<\/li>\n<li>They are made of 100% polyester, with exclusive, original designs, and full of color.<\/li>\n<li>Easy to clean, they are too cool and soft for our pets. They have a quick-drying system since they are made of a semi-waterproof material.<\/li>\n<li>\u00a0Most importantly, they are crafted thinking directly of you, with an extra dose of tenderness and a lot of super-concentrated love.<\/li>\n<\/ul>\n<p>&nbsp;<\/p>","protected":false},"featured_media":2103,"comment_status":"open","ping_status":"closed","template":"","meta":{"_et_pb_use_builder":"on","_et_pb_old_content":"","_et_gb_content_width":""},"product_brand":[],"product_cat":[32],"product_tag":[],"class_list":{"0":"post-2098","1":"product","2":"type-product","3":"status-publish","4":"has-post-thumbnail","6":"product_cat-bandadas","8":"first","9":"outofstock","10":"shipping-taxable","11":"purchasable","12":"product-type-variable"},"yoast_head":"<!-- This site is optimized with the Yoast SEO plugin v27.4 - https:\/\/yoast.com\/product\/yoast-seo-wordpress\/ -->\n<title>Bandana I love Rock &#039;N&#039; Roll - Huellas de Amor<\/title>\n<meta name=\"robots\" content=\"index, follow, max-snippet:-1, max-image-preview:large, max-video-preview:-1\" \/>\n<link rel=\"canonical\" href=\"https:\/\/refugiohuellasdeamor.com\/en\/product\/bandana-i-love-rock-n-roll\/\" \/>\n<meta property=\"og:locale\" content=\"en_US\" \/>\n<meta property=\"og:type\" content=\"article\" \/>\n<meta property=\"og:title\" content=\"Bandana I love Rock &#039;N&#039; Roll - Huellas de Amor\" \/>\n<meta property=\"og:description\" content=\"Nuestras bandanas son hechas con amor, no solo resaltan la personalidad de tus peluditos, sino que tambi\u00e9n tienen un prop\u00f3sito noble. Cada compra contribuye al sostenimiento del refugio, ayudando a brindar cuidado y atenci\u00f3n a m\u00e1s de 100 animales.  Caracter\u00edsticas:   Doble Faz. Dos dise\u00f1os en 1 Bandana  Graduables con botones met\u00e1licos, cada talla se puede aumentar y reducir en varias medidas.  Son elaboradas en poli\u00e9ster 100%, con dise\u00f1os exclusivos, originales y llenas de color.  F\u00e1cil de limpiar, son demasiado frescas y suaves para nuestras mascotas. Tienen sistema de secado r\u00e1pido, ya que est\u00e1n hechas en un material semi-impermeable.  \u00a0Lo m\u00e1s importante de todo, es que son elaboradas pensando directamente en ti, con dosis extra de ternura y mucho amor superconcentrado  &nbsp;\" \/>\n<meta property=\"og:url\" content=\"https:\/\/refugiohuellasdeamor.com\/en\/product\/bandana-i-love-rock-n-roll\/\" \/>\n<meta property=\"og:site_name\" content=\"Huellas de Amor\" \/>\n<meta property=\"article:modified_time\" content=\"2025-03-03T00:41:03+00:00\" \/>\n<meta property=\"og:image\" content=\"https:\/\/refugiohuellasdeamor.com\/wp-content\/uploads\/2024\/01\/chaq-scaled.jpg\" \/>\n\t<meta property=\"og:image:width\" content=\"2560\" \/>\n\t<meta property=\"og:image:height\" content=\"2560\" \/>\n\t<meta property=\"og:image:type\" content=\"image\/jpeg\" \/>\n<meta name=\"twitter:card\" content=\"summary_large_image\" \/>\n<meta name=\"twitter:label1\" content=\"Est. reading time\" \/>\n\t<meta name=\"twitter:data1\" content=\"3 minutes\" \/>\n<script type=\"application\/ld+json\" class=\"yoast-schema-graph\">{\"@context\":\"https:\\\/\\\/schema.org\",\"@graph\":[{\"@type\":\"WebPage\",\"@id\":\"https:\\\/\\\/refugiohuellasdeamor.com\\\/producto\\\/bandana-i-love-rock-n-roll\\\/\",\"url\":\"https:\\\/\\\/refugiohuellasdeamor.com\\\/producto\\\/bandana-i-love-rock-n-roll\\\/\",\"name\":\"Bandana I love Rock 'N' Roll - Huellas de Amor\",\"isPartOf\":{\"@id\":\"https:\\\/\\\/refugiohuellasdeamor.com\\\/#website\"},\"primaryImageOfPage\":{\"@id\":\"https:\\\/\\\/refugiohuellasdeamor.com\\\/producto\\\/bandana-i-love-rock-n-roll\\\/#primaryimage\"},\"image\":{\"@id\":\"https:\\\/\\\/refugiohuellasdeamor.com\\\/producto\\\/bandana-i-love-rock-n-roll\\\/#primaryimage\"},\"thumbnailUrl\":\"https:\\\/\\\/refugiohuellasdeamor.com\\\/wp-content\\\/uploads\\\/2024\\\/01\\\/chaq-scaled.jpg\",\"datePublished\":\"2024-01-17T21:54:02+00:00\",\"dateModified\":\"2025-03-03T00:41:03+00:00\",\"breadcrumb\":{\"@id\":\"https:\\\/\\\/refugiohuellasdeamor.com\\\/producto\\\/bandana-i-love-rock-n-roll\\\/#breadcrumb\"},\"inLanguage\":\"en-US\",\"potentialAction\":[{\"@type\":\"ReadAction\",\"target\":[\"https:\\\/\\\/refugiohuellasdeamor.com\\\/producto\\\/bandana-i-love-rock-n-roll\\\/\"]}]},{\"@type\":\"ImageObject\",\"inLanguage\":\"en-US\",\"@id\":\"https:\\\/\\\/refugiohuellasdeamor.com\\\/producto\\\/bandana-i-love-rock-n-roll\\\/#primaryimage\",\"url\":\"https:\\\/\\\/refugiohuellasdeamor.com\\\/wp-content\\\/uploads\\\/2024\\\/01\\\/chaq-scaled.jpg\",\"contentUrl\":\"https:\\\/\\\/refugiohuellasdeamor.com\\\/wp-content\\\/uploads\\\/2024\\\/01\\\/chaq-scaled.jpg\",\"width\":2560,\"height\":2560},{\"@type\":\"BreadcrumbList\",\"@id\":\"https:\\\/\\\/refugiohuellasdeamor.com\\\/producto\\\/bandana-i-love-rock-n-roll\\\/#breadcrumb\",\"itemListElement\":[{\"@type\":\"ListItem\",\"position\":1,\"name\":\"Portada\",\"item\":\"https:\\\/\\\/refugiohuellasdeamor.com\\\/\"},{\"@type\":\"ListItem\",\"position\":2,\"name\":\"Tienda Huellera\",\"item\":\"https:\\\/\\\/refugiohuellasdeamor.com\\\/tienda-huellera\\\/\"},{\"@type\":\"ListItem\",\"position\":3,\"name\":\"Bandana I love Rock &#8216;N&#8217; Roll\"}]},{\"@type\":\"WebSite\",\"@id\":\"https:\\\/\\\/refugiohuellasdeamor.com\\\/#website\",\"url\":\"https:\\\/\\\/refugiohuellasdeamor.com\\\/\",\"name\":\"Huellas de Amor\",\"description\":\"\",\"potentialAction\":[{\"@type\":\"SearchAction\",\"target\":{\"@type\":\"EntryPoint\",\"urlTemplate\":\"https:\\\/\\\/refugiohuellasdeamor.com\\\/?s={search_term_string}\"},\"query-input\":{\"@type\":\"PropertyValueSpecification\",\"valueRequired\":true,\"valueName\":\"search_term_string\"}}],\"inLanguage\":\"en-US\"}]}<\/script>\n<!-- \/ Yoast SEO plugin. -->","yoast_head_json":{"title":"Bandana I love Rock 'N' Roll - Huellas de Amor","robots":{"index":"index","follow":"follow","max-snippet":"max-snippet:-1","max-image-preview":"max-image-preview:large","max-video-preview":"max-video-preview:-1"},"canonical":"https:\/\/refugiohuellasdeamor.com\/en\/product\/bandana-i-love-rock-n-roll\/","og_locale":"en_US","og_type":"article","og_title":"Bandana I love Rock 'N' Roll - Huellas de Amor","og_description":"Nuestras bandanas son hechas con amor, no solo resaltan la personalidad de tus peluditos, sino que tambi\u00e9n tienen un prop\u00f3sito noble. Cada compra contribuye al sostenimiento del refugio, ayudando a brindar cuidado y atenci\u00f3n a m\u00e1s de 100 animales.  Caracter\u00edsticas:   Doble Faz. Dos dise\u00f1os en 1 Bandana  Graduables con botones met\u00e1licos, cada talla se puede aumentar y reducir en varias medidas.  Son elaboradas en poli\u00e9ster 100%, con dise\u00f1os exclusivos, originales y llenas de color.  F\u00e1cil de limpiar, son demasiado frescas y suaves para nuestras mascotas. Tienen sistema de secado r\u00e1pido, ya que est\u00e1n hechas en un material semi-impermeable.  \u00a0Lo m\u00e1s importante de todo, es que son elaboradas pensando directamente en ti, con dosis extra de ternura y mucho amor superconcentrado  &nbsp;","og_url":"https:\/\/refugiohuellasdeamor.com\/en\/product\/bandana-i-love-rock-n-roll\/","og_site_name":"Huellas de Amor","article_modified_time":"2025-03-03T00:41:03+00:00","og_image":[{"width":2560,"height":2560,"url":"https:\/\/refugiohuellasdeamor.com\/wp-content\/uploads\/2024\/01\/chaq-scaled.jpg","type":"image\/jpeg"}],"twitter_card":"summary_large_image","twitter_misc":{"Est. reading time":"3 minutes"},"schema":{"@context":"https:\/\/schema.org","@graph":[{"@type":"WebPage","@id":"https:\/\/refugiohuellasdeamor.com\/producto\/bandana-i-love-rock-n-roll\/","url":"https:\/\/refugiohuellasdeamor.com\/producto\/bandana-i-love-rock-n-roll\/","name":"Bandana I love Rock 'N' Roll - Huellas de Amor","isPartOf":{"@id":"https:\/\/refugiohuellasdeamor.com\/#website"},"primaryImageOfPage":{"@id":"https:\/\/refugiohuellasdeamor.com\/producto\/bandana-i-love-rock-n-roll\/#primaryimage"},"image":{"@id":"https:\/\/refugiohuellasdeamor.com\/producto\/bandana-i-love-rock-n-roll\/#primaryimage"},"thumbnailUrl":"https:\/\/refugiohuellasdeamor.com\/wp-content\/uploads\/2024\/01\/chaq-scaled.jpg","datePublished":"2024-01-17T21:54:02+00:00","dateModified":"2025-03-03T00:41:03+00:00","breadcrumb":{"@id":"https:\/\/refugiohuellasdeamor.com\/producto\/bandana-i-love-rock-n-roll\/#breadcrumb"},"inLanguage":"en-US","potentialAction":[{"@type":"ReadAction","target":["https:\/\/refugiohuellasdeamor.com\/producto\/bandana-i-love-rock-n-roll\/"]}]},{"@type":"ImageObject","inLanguage":"en-US","@id":"https:\/\/refugiohuellasdeamor.com\/producto\/bandana-i-love-rock-n-roll\/#primaryimage","url":"https:\/\/refugiohuellasdeamor.com\/wp-content\/uploads\/2024\/01\/chaq-scaled.jpg","contentUrl":"https:\/\/refugiohuellasdeamor.com\/wp-content\/uploads\/2024\/01\/chaq-scaled.jpg","width":2560,"height":2560},{"@type":"BreadcrumbList","@id":"https:\/\/refugiohuellasdeamor.com\/producto\/bandana-i-love-rock-n-roll\/#breadcrumb","itemListElement":[{"@type":"ListItem","position":1,"name":"Portada","item":"https:\/\/refugiohuellasdeamor.com\/"},{"@type":"ListItem","position":2,"name":"Tienda Huellera","item":"https:\/\/refugiohuellasdeamor.com\/tienda-huellera\/"},{"@type":"ListItem","position":3,"name":"Bandana I love Rock &#8216;N&#8217; Roll"}]},{"@type":"WebSite","@id":"https:\/\/refugiohuellasdeamor.com\/#website","url":"https:\/\/refugiohuellasdeamor.com\/","name":"Huellas de Amor","description":"","potentialAction":[{"@type":"SearchAction","target":{"@type":"EntryPoint","urlTemplate":"https:\/\/refugiohuellasdeamor.com\/?s={search_term_string}"},"query-input":{"@type":"PropertyValueSpecification","valueRequired":true,"valueName":"search_term_string"}}],"inLanguage":"en-US"}]}},"jetpack_sharing_enabled":true,"_links":{"self":[{"href":"https:\/\/refugiohuellasdeamor.com\/en\/wp-json\/wp\/v2\/product\/2098","targetHints":{"allow":["GET"]}}],"collection":[{"href":"https:\/\/refugiohuellasdeamor.com\/en\/wp-json\/wp\/v2\/product"}],"about":[{"href":"https:\/\/refugiohuellasdeamor.com\/en\/wp-json\/wp\/v2\/types\/product"}],"replies":[{"embeddable":true,"href":"https:\/\/refugiohuellasdeamor.com\/en\/wp-json\/wp\/v2\/comments?post=2098"}],"wp:featuredmedia":[{"embeddable":true,"href":"https:\/\/refugiohuellasdeamor.com\/en\/wp-json\/wp\/v2\/media\/2103"}],"wp:attachment":[{"href":"https:\/\/refugiohuellasdeamor.com\/en\/wp-json\/wp\/v2\/media?parent=2098"}],"wp:term":[{"taxonomy":"product_brand","embeddable":true,"href":"https:\/\/refugiohuellasdeamor.com\/en\/wp-json\/wp\/v2\/product_brand?post=2098"},{"taxonomy":"product_cat","embeddable":true,"href":"https:\/\/refugiohuellasdeamor.com\/en\/wp-json\/wp\/v2\/product_cat?post=2098"},{"taxonomy":"product_tag","embeddable":true,"href":"https:\/\/refugiohuellasdeamor.com\/en\/wp-json\/wp\/v2\/product_tag?post=2098"}],"curies":[{"name":"wp","href":"https:\/\/api.w.org\/{rel}","templated":true}]}}