{"id":231,"date":"2023-01-11T19:49:31","date_gmt":"2023-01-12T00:49:31","guid":{"rendered":"https:\/\/refugiohuellasdeamor.com\/?post_type=product&#038;p=231"},"modified":"2026-02-04T16:47:35","modified_gmt":"2026-02-04T21:47:35","slug":"mug-hablame-despues-de-este-cafe-gato","status":"publish","type":"product","link":"https:\/\/refugiohuellasdeamor.com\/en\/product\/mug-hablame-despues-de-este-cafe-gato\/","title":{"rendered":"Mug, H\u00e1blame despu\u00e9s de este caf\u00e9 gato"},"content":{"rendered":"<p>[et_pb_section fb_built=\u00bb1&#8243; _builder_version=\u00bb4.27.0&#8243; custom_padding=\u00bb0px||||false|false\u00bb hover_enabled=\u00bb0&#8243; global_colors_info=\u00bb{}\u00bb custom_margin_last_edited=\u00bbon|desktop\u00bb custom_margin=\u00bb30px||||false|false\u00bb sticky_enabled=\u00bb0&#8243; da_is_popup=\u00bboff\u00bb da_exit_intent=\u00bboff\u00bb da_has_close=\u00bbon\u00bb da_alt_close=\u00bboff\u00bb da_dark_close=\u00bboff\u00bb da_not_modal=\u00bbon\u00bb da_is_singular=\u00bboff\u00bb da_with_loader=\u00bboff\u00bb da_has_shadow=\u00bbon\u00bb da_disable_devices=\u00bboff|off|off\u00bb custom_margin_tablet=\u00bb30px||||false|false\u00bb custom_margin_phone=\u00bb30px||||false|false\u00bb][et_pb_row _builder_version=\u00bb4.16&#8243; background_size=\u00bbinitial\u00bb background_position=\u00bbtop_left\u00bb background_repeat=\u00bbrepeat\u00bb width=\u00bb100%\u00bb custom_padding=\u00bb0px||0px||false|false\u00bb global_colors_info=\u00bb{}\u00bb][et_pb_column type=\u00bb4_4&#8243; _builder_version=\u00bb4.16&#8243; custom_padding=\u00bb|||\u00bb global_colors_info=\u00bb{}\u00bb custom_padding__hover=\u00bb|||\u00bb][et_pb_wc_breadcrumb _builder_version=\u00bb4.27.0&#8243; hover_enabled=\u00bb0&#8243; global_colors_info=\u00bb{}\u00bb custom_margin_last_edited=\u00bbon|phone\u00bb custom_margin=\u00bb||||false|false\u00bb sticky_enabled=\u00bb0&#8243; custom_margin_phone=\u00bb130px||||false|false\u00bb custom_margin_tablet=\u00bb||||false|false\u00bb][\/et_pb_wc_breadcrumb][et_pb_wc_cart_notice _builder_version=\u00bb4.27.0&#8243; _module_preset=\u00bb0b84a9a2-f18f-4927-9050-88f7170de696&#8243; hover_enabled=\u00bb0&#8243; global_colors_info=\u00bb{}\u00bb title_font_size_last_edited=\u00bbon|phone\u00bb sticky_enabled=\u00bb0&#8243; title_font_size_phone=\u00bb19px\u00bb button_text_size_last_edited=\u00bbon|phone\u00bb button_text_size_phone=\u00bb19px\u00bb button_custom_margin_last_edited=\u00bbon|phone\u00bb button_custom_margin_phone=\u00bb10px||||false|false\u00bb border_radii=\u00bbon|7px|7px|7px|7px\u00bb][\/et_pb_wc_cart_notice][\/et_pb_column][\/et_pb_row][et_pb_row column_structure=\u00bb1_2,1_2&#8243; _builder_version=\u00bb4.16&#8243; background_size=\u00bbinitial\u00bb background_position=\u00bbtop_left\u00bb background_repeat=\u00bbrepeat\u00bb width=\u00bb100%\u00bb custom_padding=\u00bb0px||||false|false\u00bb global_colors_info=\u00bb{}\u00bb][et_pb_column type=\u00bb1_2&#8243; _builder_version=\u00bb4.16&#8243; custom_padding=\u00bb|||\u00bb global_colors_info=\u00bb{}\u00bb custom_padding__hover=\u00bb|||\u00bb][et_pb_wc_images _builder_version=\u00bb4.16&#8243; global_colors_info=\u00bb{}\u00bb][\/et_pb_wc_images][\/et_pb_column][et_pb_column type=\u00bb1_2&#8243; _builder_version=\u00bb4.16&#8243; custom_padding=\u00bb|||\u00bb global_colors_info=\u00bb{}\u00bb custom_padding__hover=\u00bb|||\u00bb][et_pb_wc_title _builder_version=\u00bb4.27.0&#8243; _module_preset=\u00bb24aec3b1-d311-459b-af7f-140f38ded502&#8243; hover_enabled=\u00bb0&#8243; global_colors_info=\u00bb{}\u00bb header_text_align_last_edited=\u00bbon|phone\u00bb header_text_align_phone=\u00bbcenter\u00bb header_font_size_last_edited=\u00bbon|phone\u00bb header_font_size_phone=\u00bb30px\u00bb sticky_enabled=\u00bb0&#8243;][\/et_pb_wc_title][et_pb_wc_rating _builder_version=\u00bb4.16&#8243; _module_preset=\u00bb80a97d1d-0256-4d31-af0d-4848f85999a5&#8243; global_colors_info=\u00bb{}\u00bb][\/et_pb_wc_rating][et_pb_wc_price _builder_version=\u00bb4.16&#8243; _module_preset=\u00bbe236faa5-7e5a-4a57-86a7-c43fc6e67c8a\u00bb global_colors_info=\u00bb{}\u00bb][\/et_pb_wc_price][et_pb_wc_description _builder_version=\u00bb4.16&#8243; global_colors_info=\u00bb{}\u00bb][\/et_pb_wc_description][et_pb_wc_add_to_cart _builder_version=\u00bb4.16&#8243; _module_preset=\u00bb8bf5bea9-f3f8-4694-8dae-c828f41ec459&#8243; global_colors_info=\u00bb{}\u00bb][\/et_pb_wc_add_to_cart][et_pb_wc_meta _builder_version=\u00bb4.16&#8243; global_colors_info=\u00bb{}\u00bb][\/et_pb_wc_meta][\/et_pb_column][\/et_pb_row][et_pb_row _builder_version=\u00bb4.16&#8243; background_size=\u00bbinitial\u00bb background_position=\u00bbtop_left\u00bb background_repeat=\u00bbrepeat\u00bb width=\u00bb100%\u00bb global_colors_info=\u00bb{}\u00bb][et_pb_column type=\u00bb4_4&#8243; _builder_version=\u00bb4.16&#8243; custom_padding=\u00bb|||\u00bb global_colors_info=\u00bb{}\u00bb custom_padding__hover=\u00bb|||\u00bb][et_pb_wc_tabs _builder_version=\u00bb4.16&#8243; _module_preset=\u00bb67edcf26-6d39-401b-8129-b01a9787d58b\u00bb global_colors_info=\u00bb{}\u00bb]\t\t\t\t\t[\/et_pb_wc_tabs][et_pb_wc_upsells _builder_version=\u00bb4.16&#8243; global_colors_info=\u00bb{}\u00bb][\/et_pb_wc_upsells][et_pb_wc_related_products _builder_version=\u00bb4.16&#8243; _module_preset=\u00bba5878a7a-d7cf-4ee5-baea-102f891b0714&#8243; global_colors_info=\u00bb{}\u00bb][\/et_pb_wc_related_products][\/et_pb_column][\/et_pb_row][\/et_pb_section]<\/p>\n","protected":false},"excerpt":{"rendered":"<ul>\n<li>Mug Talk to me after this coffee, cat<\/li>\n<li>Material: Ceramic<\/li>\n<li>Capacity: 11oz<\/li>\n<li>Measurements: Height 9.5cm x diameter 8cm<\/li>\n<li>\u00a0Its generous size makes it ideal for coffee, tea, or hot chocolate.<\/li>\n<li>Colors: Dark blue, light blue, orange, yellow, red, light green, dark green, black, pink<\/li>\n<\/ul>","protected":false},"featured_media":973,"comment_status":"open","ping_status":"closed","template":"","meta":{"_et_pb_use_builder":"on","_et_pb_old_content":"","_et_gb_content_width":""},"product_brand":[],"product_cat":[27],"product_tag":[],"class_list":{"0":"post-231","1":"product","2":"type-product","3":"status-publish","4":"has-post-thumbnail","6":"product_cat-mugs","8":"first","9":"instock","10":"shipping-taxable","11":"purchasable","12":"product-type-simple"},"yoast_head":"<!-- This site is optimized with the Yoast SEO plugin v27.4 - https:\/\/yoast.com\/product\/yoast-seo-wordpress\/ -->\n<title>Mug, H\u00e1blame despu\u00e9s de este caf\u00e9 gato - Huellas de Amor<\/title>\n<meta name=\"robots\" content=\"index, follow, max-snippet:-1, max-image-preview:large, max-video-preview:-1\" \/>\n<link rel=\"canonical\" href=\"https:\/\/refugiohuellasdeamor.com\/en\/product\/mug-hablame-despues-de-este-cafe-gato\/\" \/>\n<meta property=\"og:locale\" content=\"en_US\" \/>\n<meta property=\"og:type\" content=\"article\" \/>\n<meta property=\"og:title\" content=\"Mug, H\u00e1blame despu\u00e9s de este caf\u00e9 gato - Huellas de Amor\" \/>\n<meta property=\"og:description\" content=\"Mug H\u00e1blame despu\u00e9s de este caf\u00e9 gato  Material: Cer\u00e1mica  Capacidad: 11oz  Medidas: Alto 9.5cms x di\u00e1metro 8cms  \u00a0Su tama\u00f1o generoso lo hace ideal para caf\u00e9, t\u00e9 o chocolate caliente.  Colores: Azul oscuro, azul claro naranja, amarillo, rojo, verde claro, verde oscuro, negro, rosado\" \/>\n<meta property=\"og:url\" content=\"https:\/\/refugiohuellasdeamor.com\/en\/product\/mug-hablame-despues-de-este-cafe-gato\/\" \/>\n<meta property=\"og:site_name\" content=\"Huellas de Amor\" \/>\n<meta property=\"article:modified_time\" content=\"2026-02-04T21:47:35+00:00\" \/>\n<meta property=\"og:image\" content=\"https:\/\/refugiohuellasdeamor.com\/wp-content\/uploads\/2023\/03\/smartmockups_lcsbt1zn.jpg\" \/>\n\t<meta property=\"og:image:width\" content=\"1280\" \/>\n\t<meta property=\"og:image:height\" content=\"853\" \/>\n\t<meta property=\"og:image:type\" content=\"image\/jpeg\" \/>\n<meta name=\"twitter:card\" content=\"summary_large_image\" \/>\n<script type=\"application\/ld+json\" class=\"yoast-schema-graph\">{\"@context\":\"https:\\\/\\\/schema.org\",\"@graph\":[{\"@type\":\"WebPage\",\"@id\":\"https:\\\/\\\/refugiohuellasdeamor.com\\\/producto\\\/mug-hablame-despues-de-este-cafe-gato\\\/\",\"url\":\"https:\\\/\\\/refugiohuellasdeamor.com\\\/producto\\\/mug-hablame-despues-de-este-cafe-gato\\\/\",\"name\":\"Mug, H\u00e1blame despu\u00e9s de este caf\u00e9 gato - Huellas de Amor\",\"isPartOf\":{\"@id\":\"https:\\\/\\\/refugiohuellasdeamor.com\\\/#website\"},\"primaryImageOfPage\":{\"@id\":\"https:\\\/\\\/refugiohuellasdeamor.com\\\/producto\\\/mug-hablame-despues-de-este-cafe-gato\\\/#primaryimage\"},\"image\":{\"@id\":\"https:\\\/\\\/refugiohuellasdeamor.com\\\/producto\\\/mug-hablame-despues-de-este-cafe-gato\\\/#primaryimage\"},\"thumbnailUrl\":\"https:\\\/\\\/refugiohuellasdeamor.com\\\/wp-content\\\/uploads\\\/2023\\\/03\\\/smartmockups_lcsbt1zn.jpg\",\"datePublished\":\"2023-01-12T00:49:31+00:00\",\"dateModified\":\"2026-02-04T21:47:35+00:00\",\"breadcrumb\":{\"@id\":\"https:\\\/\\\/refugiohuellasdeamor.com\\\/producto\\\/mug-hablame-despues-de-este-cafe-gato\\\/#breadcrumb\"},\"inLanguage\":\"en-US\",\"potentialAction\":[{\"@type\":\"ReadAction\",\"target\":[\"https:\\\/\\\/refugiohuellasdeamor.com\\\/producto\\\/mug-hablame-despues-de-este-cafe-gato\\\/\"]}]},{\"@type\":\"ImageObject\",\"inLanguage\":\"en-US\",\"@id\":\"https:\\\/\\\/refugiohuellasdeamor.com\\\/producto\\\/mug-hablame-despues-de-este-cafe-gato\\\/#primaryimage\",\"url\":\"https:\\\/\\\/refugiohuellasdeamor.com\\\/wp-content\\\/uploads\\\/2023\\\/03\\\/smartmockups_lcsbt1zn.jpg\",\"contentUrl\":\"https:\\\/\\\/refugiohuellasdeamor.com\\\/wp-content\\\/uploads\\\/2023\\\/03\\\/smartmockups_lcsbt1zn.jpg\",\"width\":1280,\"height\":853},{\"@type\":\"BreadcrumbList\",\"@id\":\"https:\\\/\\\/refugiohuellasdeamor.com\\\/producto\\\/mug-hablame-despues-de-este-cafe-gato\\\/#breadcrumb\",\"itemListElement\":[{\"@type\":\"ListItem\",\"position\":1,\"name\":\"Portada\",\"item\":\"https:\\\/\\\/refugiohuellasdeamor.com\\\/\"},{\"@type\":\"ListItem\",\"position\":2,\"name\":\"Tienda Huellera\",\"item\":\"https:\\\/\\\/refugiohuellasdeamor.com\\\/tienda-huellera\\\/\"},{\"@type\":\"ListItem\",\"position\":3,\"name\":\"Mug, H\u00e1blame despu\u00e9s de este caf\u00e9 gato\"}]},{\"@type\":\"WebSite\",\"@id\":\"https:\\\/\\\/refugiohuellasdeamor.com\\\/#website\",\"url\":\"https:\\\/\\\/refugiohuellasdeamor.com\\\/\",\"name\":\"Huellas de Amor\",\"description\":\"\",\"potentialAction\":[{\"@type\":\"SearchAction\",\"target\":{\"@type\":\"EntryPoint\",\"urlTemplate\":\"https:\\\/\\\/refugiohuellasdeamor.com\\\/?s={search_term_string}\"},\"query-input\":{\"@type\":\"PropertyValueSpecification\",\"valueRequired\":true,\"valueName\":\"search_term_string\"}}],\"inLanguage\":\"en-US\"}]}<\/script>\n<!-- \/ Yoast SEO plugin. -->","yoast_head_json":{"title":"Mug, H\u00e1blame despu\u00e9s de este caf\u00e9 gato - Huellas de Amor","robots":{"index":"index","follow":"follow","max-snippet":"max-snippet:-1","max-image-preview":"max-image-preview:large","max-video-preview":"max-video-preview:-1"},"canonical":"https:\/\/refugiohuellasdeamor.com\/en\/product\/mug-hablame-despues-de-este-cafe-gato\/","og_locale":"en_US","og_type":"article","og_title":"Mug, H\u00e1blame despu\u00e9s de este caf\u00e9 gato - Huellas de Amor","og_description":"Mug H\u00e1blame despu\u00e9s de este caf\u00e9 gato  Material: Cer\u00e1mica  Capacidad: 11oz  Medidas: Alto 9.5cms x di\u00e1metro 8cms  \u00a0Su tama\u00f1o generoso lo hace ideal para caf\u00e9, t\u00e9 o chocolate caliente.  Colores: Azul oscuro, azul claro naranja, amarillo, rojo, verde claro, verde oscuro, negro, rosado","og_url":"https:\/\/refugiohuellasdeamor.com\/en\/product\/mug-hablame-despues-de-este-cafe-gato\/","og_site_name":"Huellas de Amor","article_modified_time":"2026-02-04T21:47:35+00:00","og_image":[{"width":1280,"height":853,"url":"https:\/\/refugiohuellasdeamor.com\/wp-content\/uploads\/2023\/03\/smartmockups_lcsbt1zn.jpg","type":"image\/jpeg"}],"twitter_card":"summary_large_image","schema":{"@context":"https:\/\/schema.org","@graph":[{"@type":"WebPage","@id":"https:\/\/refugiohuellasdeamor.com\/producto\/mug-hablame-despues-de-este-cafe-gato\/","url":"https:\/\/refugiohuellasdeamor.com\/producto\/mug-hablame-despues-de-este-cafe-gato\/","name":"Mug, H\u00e1blame despu\u00e9s de este caf\u00e9 gato - Huellas de Amor","isPartOf":{"@id":"https:\/\/refugiohuellasdeamor.com\/#website"},"primaryImageOfPage":{"@id":"https:\/\/refugiohuellasdeamor.com\/producto\/mug-hablame-despues-de-este-cafe-gato\/#primaryimage"},"image":{"@id":"https:\/\/refugiohuellasdeamor.com\/producto\/mug-hablame-despues-de-este-cafe-gato\/#primaryimage"},"thumbnailUrl":"https:\/\/refugiohuellasdeamor.com\/wp-content\/uploads\/2023\/03\/smartmockups_lcsbt1zn.jpg","datePublished":"2023-01-12T00:49:31+00:00","dateModified":"2026-02-04T21:47:35+00:00","breadcrumb":{"@id":"https:\/\/refugiohuellasdeamor.com\/producto\/mug-hablame-despues-de-este-cafe-gato\/#breadcrumb"},"inLanguage":"en-US","potentialAction":[{"@type":"ReadAction","target":["https:\/\/refugiohuellasdeamor.com\/producto\/mug-hablame-despues-de-este-cafe-gato\/"]}]},{"@type":"ImageObject","inLanguage":"en-US","@id":"https:\/\/refugiohuellasdeamor.com\/producto\/mug-hablame-despues-de-este-cafe-gato\/#primaryimage","url":"https:\/\/refugiohuellasdeamor.com\/wp-content\/uploads\/2023\/03\/smartmockups_lcsbt1zn.jpg","contentUrl":"https:\/\/refugiohuellasdeamor.com\/wp-content\/uploads\/2023\/03\/smartmockups_lcsbt1zn.jpg","width":1280,"height":853},{"@type":"BreadcrumbList","@id":"https:\/\/refugiohuellasdeamor.com\/producto\/mug-hablame-despues-de-este-cafe-gato\/#breadcrumb","itemListElement":[{"@type":"ListItem","position":1,"name":"Portada","item":"https:\/\/refugiohuellasdeamor.com\/"},{"@type":"ListItem","position":2,"name":"Tienda Huellera","item":"https:\/\/refugiohuellasdeamor.com\/tienda-huellera\/"},{"@type":"ListItem","position":3,"name":"Mug, H\u00e1blame despu\u00e9s de este caf\u00e9 gato"}]},{"@type":"WebSite","@id":"https:\/\/refugiohuellasdeamor.com\/#website","url":"https:\/\/refugiohuellasdeamor.com\/","name":"Huellas de Amor","description":"","potentialAction":[{"@type":"SearchAction","target":{"@type":"EntryPoint","urlTemplate":"https:\/\/refugiohuellasdeamor.com\/?s={search_term_string}"},"query-input":{"@type":"PropertyValueSpecification","valueRequired":true,"valueName":"search_term_string"}}],"inLanguage":"en-US"}]}},"jetpack_sharing_enabled":true,"_links":{"self":[{"href":"https:\/\/refugiohuellasdeamor.com\/en\/wp-json\/wp\/v2\/product\/231","targetHints":{"allow":["GET"]}}],"collection":[{"href":"https:\/\/refugiohuellasdeamor.com\/en\/wp-json\/wp\/v2\/product"}],"about":[{"href":"https:\/\/refugiohuellasdeamor.com\/en\/wp-json\/wp\/v2\/types\/product"}],"replies":[{"embeddable":true,"href":"https:\/\/refugiohuellasdeamor.com\/en\/wp-json\/wp\/v2\/comments?post=231"}],"wp:featuredmedia":[{"embeddable":true,"href":"https:\/\/refugiohuellasdeamor.com\/en\/wp-json\/wp\/v2\/media\/973"}],"wp:attachment":[{"href":"https:\/\/refugiohuellasdeamor.com\/en\/wp-json\/wp\/v2\/media?parent=231"}],"wp:term":[{"taxonomy":"product_brand","embeddable":true,"href":"https:\/\/refugiohuellasdeamor.com\/en\/wp-json\/wp\/v2\/product_brand?post=231"},{"taxonomy":"product_cat","embeddable":true,"href":"https:\/\/refugiohuellasdeamor.com\/en\/wp-json\/wp\/v2\/product_cat?post=231"},{"taxonomy":"product_tag","embeddable":true,"href":"https:\/\/refugiohuellasdeamor.com\/en\/wp-json\/wp\/v2\/product_tag?post=231"}],"curies":[{"name":"wp","href":"https:\/\/api.w.org\/{rel}","templated":true}]}}