{"id":2760,"date":"2024-08-29T19:15:55","date_gmt":"2024-08-30T00:15:55","guid":{"rendered":"https:\/\/refugiohuellasdeamor.com\/?post_type=product&#038;p=2760"},"modified":"2025-03-02T10:35:17","modified_gmt":"2025-03-02T15:35:17","slug":"bigotes","status":"publish","type":"product","link":"https:\/\/refugiohuellasdeamor.com\/en\/product\/bigotes\/","title":{"rendered":"Bigotes"},"content":{"rendered":"<p>[et_pb_section fb_built=\u00bb1&#8243; _builder_version=\u00bb4.16&#8243; custom_padding=\u00bb0px||||false|false\u00bb da_disable_devices=\u00bboff|off|off\u00bb global_colors_info=\u00bb{}\u00bb da_is_popup=\u00bboff\u00bb da_exit_intent=\u00bboff\u00bb da_has_close=\u00bbon\u00bb da_alt_close=\u00bboff\u00bb da_dark_close=\u00bboff\u00bb da_not_modal=\u00bbon\u00bb da_is_singular=\u00bboff\u00bb da_with_loader=\u00bboff\u00bb da_has_shadow=\u00bbon\u00bb][et_pb_row _builder_version=\u00bb4.16&#8243; background_size=\u00bbinitial\u00bb background_position=\u00bbtop_left\u00bb background_repeat=\u00bbrepeat\u00bb width=\u00bb100%\u00bb custom_padding=\u00bb0px||0px||false|false\u00bb global_colors_info=\u00bb{}\u00bb][et_pb_column type=\u00bb4_4&#8243; _builder_version=\u00bb4.16&#8243; custom_padding=\u00bb|||\u00bb global_colors_info=\u00bb{}\u00bb custom_padding__hover=\u00bb|||\u00bb][et_pb_wc_breadcrumb _builder_version=\u00bb4.27.0&#8243; hover_enabled=\u00bb0&#8243; global_colors_info=\u00bb{}\u00bb sticky_enabled=\u00bb0&#8243; custom_margin_last_edited=\u00bbon|phone\u00bb custom_margin_phone=\u00bb130px||||false|false\u00bb][\/et_pb_wc_breadcrumb][\/et_pb_column][\/et_pb_row][et_pb_row column_structure=\u00bb1_2,1_2&#8243; _builder_version=\u00bb4.16&#8243; background_size=\u00bbinitial\u00bb background_position=\u00bbtop_left\u00bb background_repeat=\u00bbrepeat\u00bb width=\u00bb100%\u00bb custom_padding=\u00bb0px||||false|false\u00bb global_colors_info=\u00bb{}\u00bb][et_pb_column type=\u00bb1_2&#8243; _builder_version=\u00bb4.16&#8243; custom_padding=\u00bb|||\u00bb global_colors_info=\u00bb{}\u00bb custom_padding__hover=\u00bb|||\u00bb][et_pb_wc_images _builder_version=\u00bb4.16&#8243; global_colors_info=\u00bb{}\u00bb][\/et_pb_wc_images][\/et_pb_column][et_pb_column type=\u00bb1_2&#8243; _builder_version=\u00bb4.16&#8243; custom_padding=\u00bb|||\u00bb global_colors_info=\u00bb{}\u00bb custom_padding__hover=\u00bb|||\u00bb][et_pb_wc_title _builder_version=\u00bb4.16&#8243; _module_preset=\u00bb24aec3b1-d311-459b-af7f-140f38ded502&#8243; global_colors_info=\u00bb{}\u00bb][\/et_pb_wc_title][et_pb_wc_description _builder_version=\u00bb4.16&#8243; global_colors_info=\u00bb{}\u00bb][\/et_pb_wc_description][et_pb_wc_meta _builder_version=\u00bb4.16&#8243; global_colors_info=\u00bb{}\u00bb][\/et_pb_wc_meta][et_pb_button button_url=\u00bbhttps:\/\/wa.link\/5e4hgf\u00bb url_new_window=\u00bbon\u00bb button_text=\u00bbAdoptame\u00bb _builder_version=\u00bb4.16&#8243; _module_preset=\u00bb9d31aaed-5044-466e-86cd-0eba5a98d1e4&#8243; global_colors_info=\u00bb{}\u00bb][\/et_pb_button][\/et_pb_column][\/et_pb_row][\/et_pb_section]<\/p>\n","protected":false},"excerpt":{"rendered":"<div class=\"fusion-title title fusion-title-2 fusion-sep-none fusion-title-text fusion-title-size-four\">\n<div class=\"fusion-title title fusion-title-2 fusion-sep-none fusion-title-text fusion-title-size-four\">\n<h1 class=\"title-heading-left fusion-responsive-typography-calculated\"><span style=\"color: #06b8b3;\">Name<\/span><\/h1>\n<\/div>\n<div class=\"fusion-text fusion-text-1\">\n<p>Bigotes<\/p>\n<\/div>\n<div class=\"fusion-title title fusion-title-3 fusion-sep-none fusion-title-text fusion-title-size-four\">\n<h2 class=\"title-heading-left fusion-responsive-typography-calculated\"><span style=\"color: #06b8b3;\">Edad<\/span><\/h2>\n<\/div>\n<div class=\"fusion-text fusion-text-2\">\n<p>3 a\u00f1os<\/p>\n<\/div>\n<div class=\"fusion-title title fusion-title-5 fusion-sep-none fusion-title-text fusion-title-size-four\">\n<h2 class=\"title-heading-left fusion-responsive-typography-calculated\"><span style=\"color: #06b8b3;\">Descripci\u00f3n<\/span><\/h2>\n<p>Bigotes es un gatito lleno de encanto y ternura, listo para encontrar un hogar donde pueda compartir su amor y alegr\u00eda. Con su car\u00e1cter dulce y su esp\u00edritu juguet\u00f3n, Bigotes es el compa\u00f1ero perfecto para llenar tu hogar de cari\u00f1o. \ud83c\udfe1\u2764\ufe0f \u00bfEst\u00e1s preparado para darle a Bigotes la familia amorosa que merece? \u00a1Ad\u00f3ptalo y descubre la felicidad que este peque\u00f1o huellerito puede traer a tu vida! \ud83d\udc31\ud83d\udc95<\/p>\n<\/div>\n<\/div>","protected":false},"featured_media":2762,"comment_status":"open","ping_status":"closed","template":"","meta":{"_et_pb_use_builder":"on","_et_pb_old_content":"","_et_gb_content_width":""},"product_brand":[],"product_cat":[49],"product_tag":[],"class_list":{"0":"post-2760","1":"product","2":"type-product","3":"status-publish","4":"has-post-thumbnail","6":"product_cat-gatos","8":"first","9":"instock","10":"virtual","11":"product-type-simple"},"yoast_head":"<!-- This site is optimized with the Yoast SEO plugin v27.4 - https:\/\/yoast.com\/product\/yoast-seo-wordpress\/ -->\n<title>Bigotes - Huellas de Amor<\/title>\n<meta name=\"robots\" content=\"index, follow, max-snippet:-1, max-image-preview:large, max-video-preview:-1\" \/>\n<link rel=\"canonical\" href=\"https:\/\/refugiohuellasdeamor.com\/en\/product\/bigotes\/\" \/>\n<meta property=\"og:locale\" content=\"en_US\" \/>\n<meta property=\"og:type\" content=\"article\" \/>\n<meta property=\"og:title\" content=\"Bigotes - Huellas de Amor\" \/>\n<meta property=\"og:description\" content=\"Nombre    Bigotes    Edad    3 a\u00f1os    Descripci\u00f3n Bigotes es un gatito lleno de encanto y ternura, listo para encontrar un hogar donde pueda compartir su amor y alegr\u00eda. Con su car\u00e1cter dulce y su esp\u00edritu juguet\u00f3n, Bigotes es el compa\u00f1ero perfecto para llenar tu hogar de cari\u00f1o. \ud83c\udfe1\u2764\ufe0f \u00bfEst\u00e1s preparado para darle a Bigotes la familia amorosa que merece? \u00a1Ad\u00f3ptalo y descubre la felicidad que este peque\u00f1o huellerito puede traer a tu vida! \ud83d\udc31\ud83d\udc95\" \/>\n<meta property=\"og:url\" content=\"https:\/\/refugiohuellasdeamor.com\/en\/product\/bigotes\/\" \/>\n<meta property=\"og:site_name\" content=\"Huellas de Amor\" \/>\n<meta property=\"article:modified_time\" content=\"2025-03-02T15:35:17+00:00\" \/>\n<meta property=\"og:image\" content=\"https:\/\/refugiohuellasdeamor.com\/wp-content\/uploads\/2024\/08\/1-2-scaled.jpg\" \/>\n\t<meta property=\"og:image:width\" content=\"2048\" \/>\n\t<meta property=\"og:image:height\" content=\"2560\" \/>\n\t<meta property=\"og:image:type\" content=\"image\/jpeg\" \/>\n<meta name=\"twitter:card\" content=\"summary_large_image\" \/>\n<meta name=\"twitter:label1\" content=\"Est. reading time\" \/>\n\t<meta name=\"twitter:data1\" content=\"1 minute\" \/>\n<script type=\"application\/ld+json\" class=\"yoast-schema-graph\">{\"@context\":\"https:\\\/\\\/schema.org\",\"@graph\":[{\"@type\":\"WebPage\",\"@id\":\"https:\\\/\\\/refugiohuellasdeamor.com\\\/producto\\\/bigotes\\\/\",\"url\":\"https:\\\/\\\/refugiohuellasdeamor.com\\\/producto\\\/bigotes\\\/\",\"name\":\"Bigotes - Huellas de Amor\",\"isPartOf\":{\"@id\":\"https:\\\/\\\/refugiohuellasdeamor.com\\\/#website\"},\"primaryImageOfPage\":{\"@id\":\"https:\\\/\\\/refugiohuellasdeamor.com\\\/producto\\\/bigotes\\\/#primaryimage\"},\"image\":{\"@id\":\"https:\\\/\\\/refugiohuellasdeamor.com\\\/producto\\\/bigotes\\\/#primaryimage\"},\"thumbnailUrl\":\"https:\\\/\\\/refugiohuellasdeamor.com\\\/wp-content\\\/uploads\\\/2024\\\/08\\\/1-2-scaled.jpg\",\"datePublished\":\"2024-08-30T00:15:55+00:00\",\"dateModified\":\"2025-03-02T15:35:17+00:00\",\"breadcrumb\":{\"@id\":\"https:\\\/\\\/refugiohuellasdeamor.com\\\/producto\\\/bigotes\\\/#breadcrumb\"},\"inLanguage\":\"en-US\",\"potentialAction\":[{\"@type\":\"ReadAction\",\"target\":[\"https:\\\/\\\/refugiohuellasdeamor.com\\\/producto\\\/bigotes\\\/\"]}]},{\"@type\":\"ImageObject\",\"inLanguage\":\"en-US\",\"@id\":\"https:\\\/\\\/refugiohuellasdeamor.com\\\/producto\\\/bigotes\\\/#primaryimage\",\"url\":\"https:\\\/\\\/refugiohuellasdeamor.com\\\/wp-content\\\/uploads\\\/2024\\\/08\\\/1-2-scaled.jpg\",\"contentUrl\":\"https:\\\/\\\/refugiohuellasdeamor.com\\\/wp-content\\\/uploads\\\/2024\\\/08\\\/1-2-scaled.jpg\",\"width\":2048,\"height\":2560},{\"@type\":\"BreadcrumbList\",\"@id\":\"https:\\\/\\\/refugiohuellasdeamor.com\\\/producto\\\/bigotes\\\/#breadcrumb\",\"itemListElement\":[{\"@type\":\"ListItem\",\"position\":1,\"name\":\"Portada\",\"item\":\"https:\\\/\\\/refugiohuellasdeamor.com\\\/\"},{\"@type\":\"ListItem\",\"position\":2,\"name\":\"Tienda Huellera\",\"item\":\"https:\\\/\\\/refugiohuellasdeamor.com\\\/tienda-huellera\\\/\"},{\"@type\":\"ListItem\",\"position\":3,\"name\":\"Bigotes\"}]},{\"@type\":\"WebSite\",\"@id\":\"https:\\\/\\\/refugiohuellasdeamor.com\\\/#website\",\"url\":\"https:\\\/\\\/refugiohuellasdeamor.com\\\/\",\"name\":\"Huellas de Amor\",\"description\":\"\",\"potentialAction\":[{\"@type\":\"SearchAction\",\"target\":{\"@type\":\"EntryPoint\",\"urlTemplate\":\"https:\\\/\\\/refugiohuellasdeamor.com\\\/?s={search_term_string}\"},\"query-input\":{\"@type\":\"PropertyValueSpecification\",\"valueRequired\":true,\"valueName\":\"search_term_string\"}}],\"inLanguage\":\"en-US\"}]}<\/script>\n<!-- \/ Yoast SEO plugin. -->","yoast_head_json":{"title":"Bigotes - Huellas de Amor","robots":{"index":"index","follow":"follow","max-snippet":"max-snippet:-1","max-image-preview":"max-image-preview:large","max-video-preview":"max-video-preview:-1"},"canonical":"https:\/\/refugiohuellasdeamor.com\/en\/product\/bigotes\/","og_locale":"en_US","og_type":"article","og_title":"Bigotes - Huellas de Amor","og_description":"Nombre    Bigotes    Edad    3 a\u00f1os    Descripci\u00f3n Bigotes es un gatito lleno de encanto y ternura, listo para encontrar un hogar donde pueda compartir su amor y alegr\u00eda. Con su car\u00e1cter dulce y su esp\u00edritu juguet\u00f3n, Bigotes es el compa\u00f1ero perfecto para llenar tu hogar de cari\u00f1o. \ud83c\udfe1\u2764\ufe0f \u00bfEst\u00e1s preparado para darle a Bigotes la familia amorosa que merece? \u00a1Ad\u00f3ptalo y descubre la felicidad que este peque\u00f1o huellerito puede traer a tu vida! \ud83d\udc31\ud83d\udc95","og_url":"https:\/\/refugiohuellasdeamor.com\/en\/product\/bigotes\/","og_site_name":"Huellas de Amor","article_modified_time":"2025-03-02T15:35:17+00:00","og_image":[{"width":2048,"height":2560,"url":"https:\/\/refugiohuellasdeamor.com\/wp-content\/uploads\/2024\/08\/1-2-scaled.jpg","type":"image\/jpeg"}],"twitter_card":"summary_large_image","twitter_misc":{"Est. reading time":"1 minute"},"schema":{"@context":"https:\/\/schema.org","@graph":[{"@type":"WebPage","@id":"https:\/\/refugiohuellasdeamor.com\/producto\/bigotes\/","url":"https:\/\/refugiohuellasdeamor.com\/producto\/bigotes\/","name":"Bigotes - Huellas de Amor","isPartOf":{"@id":"https:\/\/refugiohuellasdeamor.com\/#website"},"primaryImageOfPage":{"@id":"https:\/\/refugiohuellasdeamor.com\/producto\/bigotes\/#primaryimage"},"image":{"@id":"https:\/\/refugiohuellasdeamor.com\/producto\/bigotes\/#primaryimage"},"thumbnailUrl":"https:\/\/refugiohuellasdeamor.com\/wp-content\/uploads\/2024\/08\/1-2-scaled.jpg","datePublished":"2024-08-30T00:15:55+00:00","dateModified":"2025-03-02T15:35:17+00:00","breadcrumb":{"@id":"https:\/\/refugiohuellasdeamor.com\/producto\/bigotes\/#breadcrumb"},"inLanguage":"en-US","potentialAction":[{"@type":"ReadAction","target":["https:\/\/refugiohuellasdeamor.com\/producto\/bigotes\/"]}]},{"@type":"ImageObject","inLanguage":"en-US","@id":"https:\/\/refugiohuellasdeamor.com\/producto\/bigotes\/#primaryimage","url":"https:\/\/refugiohuellasdeamor.com\/wp-content\/uploads\/2024\/08\/1-2-scaled.jpg","contentUrl":"https:\/\/refugiohuellasdeamor.com\/wp-content\/uploads\/2024\/08\/1-2-scaled.jpg","width":2048,"height":2560},{"@type":"BreadcrumbList","@id":"https:\/\/refugiohuellasdeamor.com\/producto\/bigotes\/#breadcrumb","itemListElement":[{"@type":"ListItem","position":1,"name":"Portada","item":"https:\/\/refugiohuellasdeamor.com\/"},{"@type":"ListItem","position":2,"name":"Tienda Huellera","item":"https:\/\/refugiohuellasdeamor.com\/tienda-huellera\/"},{"@type":"ListItem","position":3,"name":"Bigotes"}]},{"@type":"WebSite","@id":"https:\/\/refugiohuellasdeamor.com\/#website","url":"https:\/\/refugiohuellasdeamor.com\/","name":"Huellas de Amor","description":"","potentialAction":[{"@type":"SearchAction","target":{"@type":"EntryPoint","urlTemplate":"https:\/\/refugiohuellasdeamor.com\/?s={search_term_string}"},"query-input":{"@type":"PropertyValueSpecification","valueRequired":true,"valueName":"search_term_string"}}],"inLanguage":"en-US"}]}},"jetpack_sharing_enabled":true,"_links":{"self":[{"href":"https:\/\/refugiohuellasdeamor.com\/en\/wp-json\/wp\/v2\/product\/2760","targetHints":{"allow":["GET"]}}],"collection":[{"href":"https:\/\/refugiohuellasdeamor.com\/en\/wp-json\/wp\/v2\/product"}],"about":[{"href":"https:\/\/refugiohuellasdeamor.com\/en\/wp-json\/wp\/v2\/types\/product"}],"replies":[{"embeddable":true,"href":"https:\/\/refugiohuellasdeamor.com\/en\/wp-json\/wp\/v2\/comments?post=2760"}],"wp:featuredmedia":[{"embeddable":true,"href":"https:\/\/refugiohuellasdeamor.com\/en\/wp-json\/wp\/v2\/media\/2762"}],"wp:attachment":[{"href":"https:\/\/refugiohuellasdeamor.com\/en\/wp-json\/wp\/v2\/media?parent=2760"}],"wp:term":[{"taxonomy":"product_brand","embeddable":true,"href":"https:\/\/refugiohuellasdeamor.com\/en\/wp-json\/wp\/v2\/product_brand?post=2760"},{"taxonomy":"product_cat","embeddable":true,"href":"https:\/\/refugiohuellasdeamor.com\/en\/wp-json\/wp\/v2\/product_cat?post=2760"},{"taxonomy":"product_tag","embeddable":true,"href":"https:\/\/refugiohuellasdeamor.com\/en\/wp-json\/wp\/v2\/product_tag?post=2760"}],"curies":[{"name":"wp","href":"https:\/\/api.w.org\/{rel}","templated":true}]}}