{"id":3414,"date":"2025-03-04T16:37:05","date_gmt":"2025-03-04T21:37:05","guid":{"rendered":"https:\/\/refugiohuellasdeamor.com\/?post_type=product&#038;p=3414"},"modified":"2025-12-01T11:44:55","modified_gmt":"2025-12-01T16:44:55","slug":"dog-splash-herbal-perros","status":"publish","type":"product","link":"https:\/\/refugiohuellasdeamor.com\/en\/product\/dog-splash-herbal-perros\/","title":{"rendered":"Dog Splash Herbal"},"content":{"rendered":"<p>[et_pb_section fb_built=\u00bb1&#8243; _builder_version=\u00bb4.27.0&#8243; custom_margin=\u00bb40px||||false|false\u00bb custom_margin_tablet=\u00bb-30px||||false|false\u00bb custom_margin_phone=\u00bb0px||||false|false\u00bb custom_margin_last_edited=\u00bbon|desktop\u00bb custom_padding=\u00bb0px||||false|false\u00bb da_disable_devices=\u00bboff|off|off\u00bb global_colors_info=\u00bb{}\u00bb da_is_popup=\u00bboff\u00bb da_exit_intent=\u00bboff\u00bb da_has_close=\u00bbon\u00bb da_alt_close=\u00bboff\u00bb da_dark_close=\u00bboff\u00bb da_not_modal=\u00bbon\u00bb da_is_singular=\u00bboff\u00bb da_with_loader=\u00bboff\u00bb da_has_shadow=\u00bbon\u00bb][et_pb_row _builder_version=\u00bb4.27.0&#8243; background_size=\u00bbinitial\u00bb background_position=\u00bbtop_left\u00bb background_repeat=\u00bbrepeat\u00bb width=\u00bb100%\u00bb custom_margin=\u00bb||||false|false\u00bb custom_margin_tablet=\u00bb-23px||||false|false\u00bb custom_margin_phone=\u00bb0px||||false|false\u00bb custom_margin_last_edited=\u00bbon|phone\u00bb custom_padding=\u00bb0px||0px||false|false\u00bb global_colors_info=\u00bb{}\u00bb][et_pb_column type=\u00bb4_4&#8243; _builder_version=\u00bb4.16&#8243; custom_padding=\u00bb|||\u00bb global_colors_info=\u00bb{}\u00bb custom_padding__hover=\u00bb|||\u00bb][et_pb_wc_breadcrumb _builder_version=\u00bb4.27.0&#8243; custom_margin_tablet=\u00bb\u00bb custom_margin_phone=\u00bb130px||||false|false\u00bb custom_margin_last_edited=\u00bbon|phone\u00bb global_colors_info=\u00bb{}\u00bb][\/et_pb_wc_breadcrumb][et_pb_wc_cart_notice _builder_version=\u00bb4.27.0&#8243; _module_preset=\u00bb0b84a9a2-f18f-4927-9050-88f7170de696&#8243; button_custom_margin_tablet=\u00bb\u00bb button_custom_margin_phone=\u00bb10px||||false|false\u00bb button_custom_margin_last_edited=\u00bbon|phone\u00bb title_font_size_tablet=\u00bb\u00bb title_font_size_phone=\u00bb19px\u00bb title_font_size_last_edited=\u00bbon|phone\u00bb button_text_size_tablet=\u00bb\u00bb button_text_size_phone=\u00bb19px\u00bb button_text_size_last_edited=\u00bbon|phone\u00bb border_radii=\u00bbon|7px|7px|7px|7px\u00bb global_colors_info=\u00bb{}\u00bb][\/et_pb_wc_cart_notice][\/et_pb_column][\/et_pb_row][et_pb_row column_structure=\u00bb1_2,1_2&#8243; _builder_version=\u00bb4.16&#8243; background_size=\u00bbinitial\u00bb background_position=\u00bbtop_left\u00bb background_repeat=\u00bbrepeat\u00bb width=\u00bb100%\u00bb custom_padding=\u00bb0px||||false|false\u00bb global_colors_info=\u00bb{}\u00bb][et_pb_column type=\u00bb1_2&#8243; _builder_version=\u00bb4.16&#8243; custom_padding=\u00bb|||\u00bb global_colors_info=\u00bb{}\u00bb custom_padding__hover=\u00bb|||\u00bb][et_pb_wc_images _builder_version=\u00bb4.16&#8243; global_colors_info=\u00bb{}\u00bb][\/et_pb_wc_images][\/et_pb_column][et_pb_column type=\u00bb1_2&#8243; _builder_version=\u00bb4.16&#8243; custom_padding=\u00bb|||\u00bb global_colors_info=\u00bb{}\u00bb custom_padding__hover=\u00bb|||\u00bb][et_pb_wc_title _builder_version=\u00bb4.27.0&#8243; _module_preset=\u00bb24aec3b1-d311-459b-af7f-140f38ded502&#8243; header_text_align_tablet=\u00bb\u00bb header_text_align_phone=\u00bbcenter\u00bb header_text_align_last_edited=\u00bbon|phone\u00bb header_font_size_tablet=\u00bb\u00bb header_font_size_phone=\u00bb30px\u00bb header_font_size_last_edited=\u00bbon|phone\u00bb global_colors_info=\u00bb{}\u00bb][\/et_pb_wc_title][et_pb_wc_rating _builder_version=\u00bb4.16&#8243; _module_preset=\u00bb80a97d1d-0256-4d31-af0d-4848f85999a5&#8243; global_colors_info=\u00bb{}\u00bb][\/et_pb_wc_rating][et_pb_wc_price _builder_version=\u00bb4.16&#8243; _module_preset=\u00bbe236faa5-7e5a-4a57-86a7-c43fc6e67c8a\u00bb global_colors_info=\u00bb{}\u00bb][\/et_pb_wc_price][et_pb_wc_description _builder_version=\u00bb4.16&#8243; global_colors_info=\u00bb{}\u00bb][\/et_pb_wc_description][et_pb_wc_add_to_cart _builder_version=\u00bb4.16&#8243; _module_preset=\u00bb8bf5bea9-f3f8-4694-8dae-c828f41ec459&#8243; global_colors_info=\u00bb{}\u00bb][\/et_pb_wc_add_to_cart][et_pb_wc_meta _builder_version=\u00bb4.16&#8243; global_colors_info=\u00bb{}\u00bb][\/et_pb_wc_meta][\/et_pb_column][\/et_pb_row][et_pb_row _builder_version=\u00bb4.27.0&#8243; _module_preset=\u00bbdefault\u00bb width=\u00bb100%\u00bb global_colors_info=\u00bb{}\u00bb][et_pb_column type=\u00bb4_4&#8243; _builder_version=\u00bb4.27.0&#8243; _module_preset=\u00bbdefault\u00bb global_colors_info=\u00bb{}\u00bb][et_pb_text admin_label=\u00bbCaracter\u00edsticas \u00bb _builder_version=\u00bb4.27.0&#8243; _module_preset=\u00bbcadfe0b2-c0d7-4f2a-ac32-da38059d83bb\u00bb text_font_size=\u00bb30px\u00bb text_orientation=\u00bbleft\u00bb global_colors_info=\u00bb{}\u00bb]<\/p>\n<p>caracter\u00edsticas<\/p>\n<p>[\/et_pb_text][et_pb_toggle title=\u00bbDetalle\u00bb icon_color=\u00bb#06B8B3&#8243; open_icon_color=\u00bb#06B8B3&#8243; admin_label=\u00bbDetalle\u00bb _builder_version=\u00bb4.27.2&#8243; _module_preset=\u00bbdefault\u00bb title_font=\u00bbRoboto||||||||\u00bb width=\u00bb50%\u00bb border_color_all=\u00bb#06B8B3&#8243; global_colors_info=\u00bb{}\u00bb]<\/p>\n<ul>\n<li><strong>Producto recomendado para:<\/strong> Perros de todas las razas y tama\u00f1os.<\/li>\n<li><strong>Peso neto:<\/strong> 225 ml.<\/li>\n<li>NO USAR EN GATOS<\/li>\n<\/ul>\n<p>[\/et_pb_toggle][et_pb_toggle title=\u00bbIngredientes\u00bb icon_color=\u00bb#06B8B3&#8243; open_icon_color=\u00bb#06B8B3&#8243; admin_label=\u00bbIngredientes\u00bb _builder_version=\u00bb4.27.0&#8243; _module_preset=\u00bbdefault\u00bb title_font=\u00bbRoboto||||||||\u00bb width=\u00bb50%\u00bb custom_margin=\u00bb-20px||||false|false\u00bb border_color_all=\u00bb#06B8B3&#8243; global_colors_info=\u00bb{}\u00bb]<\/p>\n<ul>\n<li>Agua purificada, acondicionadores naturales, avena coloidal, aloe vera, vitamina E, esencia de cereza silvestre, fragancia y color de origen vegetal, repelentes naturales.<\/li>\n<\/ul>\n<p>[\/et_pb_toggle][et_pb_toggle title=\u00bbModo de uso\u00bb icon_color=\u00bb#06B8B3&#8243; open_icon_color=\u00bb#06B8B3&#8243; admin_label=\u00bbModo de uso \u00bb _builder_version=\u00bb4.27.0&#8243; _module_preset=\u00bbdefault\u00bb title_font=\u00bbRoboto||||||||\u00bb width=\u00bb50%\u00bb custom_margin=\u00bb-20px||||false|false\u00bb border_color_all=\u00bb#06B8B3&#8243; global_colors_info=\u00bb{}\u00bb]<\/p>\n<ul>\n<li>Pulveriza a unos 10 cm del pelaje seco de tu perro. Aplica la cantidad necesaria seg\u00fan el tama\u00f1o y densidad del pelaje. Evita el contacto con ojos y mucosas.<\/li>\n<\/ul>\n<p>[\/et_pb_toggle][\/et_pb_column][\/et_pb_row][et_pb_row _builder_version=\u00bb4.16&#8243; background_size=\u00bbinitial\u00bb background_position=\u00bbtop_left\u00bb background_repeat=\u00bbrepeat\u00bb width=\u00bb100%\u00bb global_colors_info=\u00bb{}\u00bb][et_pb_column type=\u00bb4_4&#8243; _builder_version=\u00bb4.16&#8243; custom_padding=\u00bb|||\u00bb global_colors_info=\u00bb{}\u00bb custom_padding__hover=\u00bb|||\u00bb][et_pb_wc_tabs _builder_version=\u00bb4.16&#8243; _module_preset=\u00bb67edcf26-6d39-401b-8129-b01a9787d58b\u00bb global_colors_info=\u00bb{}\u00bb]\t\t\t\t\t[\/et_pb_wc_tabs][et_pb_wc_upsells _builder_version=\u00bb4.16&#8243; global_colors_info=\u00bb{}\u00bb][\/et_pb_wc_upsells][et_pb_wc_related_products _builder_version=\u00bb4.16&#8243; _module_preset=\u00bba5878a7a-d7cf-4ee5-baea-102f891b0714&#8243; global_colors_info=\u00bb{}\u00bb][\/et_pb_wc_related_products][\/et_pb_column][\/et_pb_row][\/et_pb_section]<\/p>\n","protected":false},"excerpt":{"rendered":"<p>Renueva la frescura y el bienestar de tu perro con el <strong>Dog Splash Herbal<\/strong> \ud83c\udf3f. Este splash acondicionador es ideal para eliminar olores entre ba\u00f1os, mientras hidrata y revitaliza la piel y el pelaje de tu mascota, dejando un brillo natural sin residuos grasos.<\/p>\n<p>\ud83c\udf43 <strong>Frescura Herb\u00e1cea<\/strong>: Formulado con hierbas de la pradera, romero y abedul, proporciona una experiencia relajante y revitalizante.<\/p>\n<p>\ud83c\udf3c <strong>Ingredientes Naturales<\/strong>: Extracto de manzanilla, avena coloidal y aloe vera trabajan en conjunto para calmar e hidratar la piel, cuidando de su bienestar.<\/p>\n<p>\u2728 <strong>Brillo y Suavidad<\/strong>: Enriquecido con vitamina E y acondicionadores naturales que dejan un pelaje brillante y sedoso.<\/p>\n<p>\ud83d\udc15 <strong>F\u00e1cil y Seguro<\/strong>: Dise\u00f1ado para perros mayores de 6 semanas, su aplicaci\u00f3n es pr\u00e1ctica y r\u00e1pida gracias a su bomba aspersora.<\/p>\n<p>Con <strong>Dog Splash Herbal<\/strong>, tu perro no solo se ver\u00e1 incre\u00edble, sino que tambi\u00e9n disfrutar\u00e1 de un cuidado suave y natural que lo mantendr\u00e1 feliz y c\u00f3modo.<\/p>","protected":false},"featured_media":3895,"comment_status":"open","ping_status":"closed","template":"","meta":{"_et_pb_use_builder":"on","_et_pb_old_content":"","_et_gb_content_width":""},"product_brand":[],"product_cat":[56],"product_tag":[],"class_list":{"0":"post-3414","1":"product","2":"type-product","3":"status-publish","4":"has-post-thumbnail","6":"product_cat-mascotas","8":"first","9":"instock","10":"shipping-taxable","11":"purchasable","12":"product-type-variable"},"yoast_head":"<!-- This site is optimized with the Yoast SEO plugin v27.4 - https:\/\/yoast.com\/product\/yoast-seo-wordpress\/ -->\n<title>Dog Splash Herbal - Huellas de Amor<\/title>\n<meta name=\"description\" content=\"Splash herbal para perros. Loci\u00f3n natural que elimina malos olores, refresca el pelaje y deja un aroma suave entre ba\u00f1os. Ideal para uso frecuente.\" \/>\n<meta name=\"robots\" content=\"index, follow, max-snippet:-1, max-image-preview:large, max-video-preview:-1\" \/>\n<link rel=\"canonical\" href=\"https:\/\/refugiohuellasdeamor.com\/en\/product\/dog-splash-herbal-perros\/\" \/>\n<meta property=\"og:locale\" content=\"en_US\" \/>\n<meta property=\"og:type\" content=\"article\" \/>\n<meta property=\"og:title\" content=\"Dog Splash Herbal - Huellas de Amor\" \/>\n<meta property=\"og:description\" content=\"Splash herbal para perros. Loci\u00f3n natural que elimina malos olores, refresca el pelaje y deja un aroma suave entre ba\u00f1os. Ideal para uso frecuente.\" \/>\n<meta property=\"og:url\" content=\"https:\/\/refugiohuellasdeamor.com\/en\/product\/dog-splash-herbal-perros\/\" \/>\n<meta property=\"og:site_name\" content=\"Huellas de Amor\" \/>\n<meta property=\"article:modified_time\" content=\"2025-12-01T16:44:55+00:00\" \/>\n<meta property=\"og:image\" content=\"https:\/\/refugiohuellasdeamor.com\/wp-content\/uploads\/2025\/03\/Herbal-225.jpg\" \/>\n\t<meta property=\"og:image:width\" content=\"2250\" \/>\n\t<meta property=\"og:image:height\" content=\"2250\" \/>\n\t<meta property=\"og:image:type\" content=\"image\/jpeg\" \/>\n<meta name=\"twitter:card\" content=\"summary_large_image\" \/>\n<meta name=\"twitter:label1\" content=\"Est. reading time\" \/>\n\t<meta name=\"twitter:data1\" content=\"3 minutes\" \/>\n<script type=\"application\/ld+json\" class=\"yoast-schema-graph\">{\"@context\":\"https:\\\/\\\/schema.org\",\"@graph\":[{\"@type\":\"WebPage\",\"@id\":\"https:\\\/\\\/refugiohuellasdeamor.com\\\/producto\\\/dog-splash-herbal-perros\\\/\",\"url\":\"https:\\\/\\\/refugiohuellasdeamor.com\\\/producto\\\/dog-splash-herbal-perros\\\/\",\"name\":\"Dog Splash Herbal - Huellas de Amor\",\"isPartOf\":{\"@id\":\"https:\\\/\\\/refugiohuellasdeamor.com\\\/#website\"},\"primaryImageOfPage\":{\"@id\":\"https:\\\/\\\/refugiohuellasdeamor.com\\\/producto\\\/dog-splash-herbal-perros\\\/#primaryimage\"},\"image\":{\"@id\":\"https:\\\/\\\/refugiohuellasdeamor.com\\\/producto\\\/dog-splash-herbal-perros\\\/#primaryimage\"},\"thumbnailUrl\":\"https:\\\/\\\/refugiohuellasdeamor.com\\\/wp-content\\\/uploads\\\/2025\\\/03\\\/Herbal-225.jpg\",\"datePublished\":\"2025-03-04T21:37:05+00:00\",\"dateModified\":\"2025-12-01T16:44:55+00:00\",\"description\":\"Splash herbal para perros. Loci\u00f3n natural que elimina malos olores, refresca el pelaje y deja un aroma suave entre ba\u00f1os. Ideal para uso frecuente.\",\"breadcrumb\":{\"@id\":\"https:\\\/\\\/refugiohuellasdeamor.com\\\/producto\\\/dog-splash-herbal-perros\\\/#breadcrumb\"},\"inLanguage\":\"en-US\",\"potentialAction\":[{\"@type\":\"ReadAction\",\"target\":[\"https:\\\/\\\/refugiohuellasdeamor.com\\\/producto\\\/dog-splash-herbal-perros\\\/\"]}]},{\"@type\":\"ImageObject\",\"inLanguage\":\"en-US\",\"@id\":\"https:\\\/\\\/refugiohuellasdeamor.com\\\/producto\\\/dog-splash-herbal-perros\\\/#primaryimage\",\"url\":\"https:\\\/\\\/refugiohuellasdeamor.com\\\/wp-content\\\/uploads\\\/2025\\\/03\\\/Herbal-225.jpg\",\"contentUrl\":\"https:\\\/\\\/refugiohuellasdeamor.com\\\/wp-content\\\/uploads\\\/2025\\\/03\\\/Herbal-225.jpg\",\"width\":2250,\"height\":2250},{\"@type\":\"BreadcrumbList\",\"@id\":\"https:\\\/\\\/refugiohuellasdeamor.com\\\/producto\\\/dog-splash-herbal-perros\\\/#breadcrumb\",\"itemListElement\":[{\"@type\":\"ListItem\",\"position\":1,\"name\":\"Portada\",\"item\":\"https:\\\/\\\/refugiohuellasdeamor.com\\\/\"},{\"@type\":\"ListItem\",\"position\":2,\"name\":\"Tienda Huellera\",\"item\":\"https:\\\/\\\/refugiohuellasdeamor.com\\\/tienda-huellera\\\/\"},{\"@type\":\"ListItem\",\"position\":3,\"name\":\"Dog Splash Herbal\"}]},{\"@type\":\"WebSite\",\"@id\":\"https:\\\/\\\/refugiohuellasdeamor.com\\\/#website\",\"url\":\"https:\\\/\\\/refugiohuellasdeamor.com\\\/\",\"name\":\"Huellas de Amor\",\"description\":\"\",\"potentialAction\":[{\"@type\":\"SearchAction\",\"target\":{\"@type\":\"EntryPoint\",\"urlTemplate\":\"https:\\\/\\\/refugiohuellasdeamor.com\\\/?s={search_term_string}\"},\"query-input\":{\"@type\":\"PropertyValueSpecification\",\"valueRequired\":true,\"valueName\":\"search_term_string\"}}],\"inLanguage\":\"en-US\"}]}<\/script>\n<!-- \/ Yoast SEO plugin. -->","yoast_head_json":{"title":"Dog Splash Herbal - Huellas de Amor","description":"Splash herbal para perros. Loci\u00f3n natural que elimina malos olores, refresca el pelaje y deja un aroma suave entre ba\u00f1os. Ideal para uso frecuente.","robots":{"index":"index","follow":"follow","max-snippet":"max-snippet:-1","max-image-preview":"max-image-preview:large","max-video-preview":"max-video-preview:-1"},"canonical":"https:\/\/refugiohuellasdeamor.com\/en\/product\/dog-splash-herbal-perros\/","og_locale":"en_US","og_type":"article","og_title":"Dog Splash Herbal - Huellas de Amor","og_description":"Splash herbal para perros. Loci\u00f3n natural que elimina malos olores, refresca el pelaje y deja un aroma suave entre ba\u00f1os. Ideal para uso frecuente.","og_url":"https:\/\/refugiohuellasdeamor.com\/en\/product\/dog-splash-herbal-perros\/","og_site_name":"Huellas de Amor","article_modified_time":"2025-12-01T16:44:55+00:00","og_image":[{"width":2250,"height":2250,"url":"https:\/\/refugiohuellasdeamor.com\/wp-content\/uploads\/2025\/03\/Herbal-225.jpg","type":"image\/jpeg"}],"twitter_card":"summary_large_image","twitter_misc":{"Est. reading time":"3 minutes"},"schema":{"@context":"https:\/\/schema.org","@graph":[{"@type":"WebPage","@id":"https:\/\/refugiohuellasdeamor.com\/producto\/dog-splash-herbal-perros\/","url":"https:\/\/refugiohuellasdeamor.com\/producto\/dog-splash-herbal-perros\/","name":"Dog Splash Herbal - Huellas de Amor","isPartOf":{"@id":"https:\/\/refugiohuellasdeamor.com\/#website"},"primaryImageOfPage":{"@id":"https:\/\/refugiohuellasdeamor.com\/producto\/dog-splash-herbal-perros\/#primaryimage"},"image":{"@id":"https:\/\/refugiohuellasdeamor.com\/producto\/dog-splash-herbal-perros\/#primaryimage"},"thumbnailUrl":"https:\/\/refugiohuellasdeamor.com\/wp-content\/uploads\/2025\/03\/Herbal-225.jpg","datePublished":"2025-03-04T21:37:05+00:00","dateModified":"2025-12-01T16:44:55+00:00","description":"Splash herbal para perros. Loci\u00f3n natural que elimina malos olores, refresca el pelaje y deja un aroma suave entre ba\u00f1os. Ideal para uso frecuente.","breadcrumb":{"@id":"https:\/\/refugiohuellasdeamor.com\/producto\/dog-splash-herbal-perros\/#breadcrumb"},"inLanguage":"en-US","potentialAction":[{"@type":"ReadAction","target":["https:\/\/refugiohuellasdeamor.com\/producto\/dog-splash-herbal-perros\/"]}]},{"@type":"ImageObject","inLanguage":"en-US","@id":"https:\/\/refugiohuellasdeamor.com\/producto\/dog-splash-herbal-perros\/#primaryimage","url":"https:\/\/refugiohuellasdeamor.com\/wp-content\/uploads\/2025\/03\/Herbal-225.jpg","contentUrl":"https:\/\/refugiohuellasdeamor.com\/wp-content\/uploads\/2025\/03\/Herbal-225.jpg","width":2250,"height":2250},{"@type":"BreadcrumbList","@id":"https:\/\/refugiohuellasdeamor.com\/producto\/dog-splash-herbal-perros\/#breadcrumb","itemListElement":[{"@type":"ListItem","position":1,"name":"Portada","item":"https:\/\/refugiohuellasdeamor.com\/"},{"@type":"ListItem","position":2,"name":"Tienda Huellera","item":"https:\/\/refugiohuellasdeamor.com\/tienda-huellera\/"},{"@type":"ListItem","position":3,"name":"Dog Splash Herbal"}]},{"@type":"WebSite","@id":"https:\/\/refugiohuellasdeamor.com\/#website","url":"https:\/\/refugiohuellasdeamor.com\/","name":"Huellas de Amor","description":"","potentialAction":[{"@type":"SearchAction","target":{"@type":"EntryPoint","urlTemplate":"https:\/\/refugiohuellasdeamor.com\/?s={search_term_string}"},"query-input":{"@type":"PropertyValueSpecification","valueRequired":true,"valueName":"search_term_string"}}],"inLanguage":"en-US"}]}},"jetpack_sharing_enabled":true,"_links":{"self":[{"href":"https:\/\/refugiohuellasdeamor.com\/en\/wp-json\/wp\/v2\/product\/3414","targetHints":{"allow":["GET"]}}],"collection":[{"href":"https:\/\/refugiohuellasdeamor.com\/en\/wp-json\/wp\/v2\/product"}],"about":[{"href":"https:\/\/refugiohuellasdeamor.com\/en\/wp-json\/wp\/v2\/types\/product"}],"replies":[{"embeddable":true,"href":"https:\/\/refugiohuellasdeamor.com\/en\/wp-json\/wp\/v2\/comments?post=3414"}],"wp:featuredmedia":[{"embeddable":true,"href":"https:\/\/refugiohuellasdeamor.com\/en\/wp-json\/wp\/v2\/media\/3895"}],"wp:attachment":[{"href":"https:\/\/refugiohuellasdeamor.com\/en\/wp-json\/wp\/v2\/media?parent=3414"}],"wp:term":[{"taxonomy":"product_brand","embeddable":true,"href":"https:\/\/refugiohuellasdeamor.com\/en\/wp-json\/wp\/v2\/product_brand?post=3414"},{"taxonomy":"product_cat","embeddable":true,"href":"https:\/\/refugiohuellasdeamor.com\/en\/wp-json\/wp\/v2\/product_cat?post=3414"},{"taxonomy":"product_tag","embeddable":true,"href":"https:\/\/refugiohuellasdeamor.com\/en\/wp-json\/wp\/v2\/product_tag?post=3414"}],"curies":[{"name":"wp","href":"https:\/\/api.w.org\/{rel}","templated":true}]}}