{"id":3982,"date":"2025-10-27T16:08:02","date_gmt":"2025-10-27T21:08:02","guid":{"rendered":"https:\/\/refugiohuellasdeamor.com\/?post_type=product&#038;p=3982"},"modified":"2026-04-12T18:13:34","modified_gmt":"2026-04-12T23:13:34","slug":"dog-splash-coco","status":"publish","type":"product","link":"https:\/\/refugiohuellasdeamor.com\/en\/product\/dog-splash-coco\/","title":{"rendered":"Dog Splash Coco"},"content":{"rendered":"<p>[et_pb_section fb_built=\u00bb1&#8243; _builder_version=\u00bb4.27.0&#8243; custom_margin=\u00bb40px||||false|false\u00bb custom_margin_tablet=\u00bb-30px||||false|false\u00bb custom_margin_phone=\u00bb0px||||false|false\u00bb custom_margin_last_edited=\u00bbon|desktop\u00bb custom_padding=\u00bb0px||||false|false\u00bb da_disable_devices=\u00bboff|off|off\u00bb global_colors_info=\u00bb{}\u00bb da_is_popup=\u00bboff\u00bb da_exit_intent=\u00bboff\u00bb da_has_close=\u00bbon\u00bb da_alt_close=\u00bboff\u00bb da_dark_close=\u00bboff\u00bb da_not_modal=\u00bbon\u00bb da_is_singular=\u00bboff\u00bb da_with_loader=\u00bboff\u00bb da_has_shadow=\u00bbon\u00bb][et_pb_row _builder_version=\u00bb4.27.0&#8243; background_size=\u00bbinitial\u00bb background_position=\u00bbtop_left\u00bb background_repeat=\u00bbrepeat\u00bb width=\u00bb100%\u00bb custom_margin=\u00bb||||false|false\u00bb custom_margin_tablet=\u00bb-23px||||false|false\u00bb custom_margin_phone=\u00bb0px||||false|false\u00bb custom_margin_last_edited=\u00bbon|phone\u00bb custom_padding=\u00bb0px||0px||false|false\u00bb global_colors_info=\u00bb{}\u00bb][et_pb_column type=\u00bb4_4&#8243; _builder_version=\u00bb4.16&#8243; custom_padding=\u00bb|||\u00bb global_colors_info=\u00bb{}\u00bb custom_padding__hover=\u00bb|||\u00bb][et_pb_wc_breadcrumb _builder_version=\u00bb4.27.0&#8243; custom_margin_tablet=\u00bb\u00bb custom_margin_phone=\u00bb130px||||false|false\u00bb custom_margin_last_edited=\u00bbon|phone\u00bb global_colors_info=\u00bb{}\u00bb][\/et_pb_wc_breadcrumb][et_pb_wc_cart_notice _builder_version=\u00bb4.27.0&#8243; _module_preset=\u00bb0b84a9a2-f18f-4927-9050-88f7170de696&#8243; button_custom_margin_tablet=\u00bb\u00bb button_custom_margin_phone=\u00bb10px||||false|false\u00bb button_custom_margin_last_edited=\u00bbon|phone\u00bb title_font_size_tablet=\u00bb\u00bb title_font_size_phone=\u00bb19px\u00bb title_font_size_last_edited=\u00bbon|phone\u00bb button_text_size_tablet=\u00bb\u00bb button_text_size_phone=\u00bb19px\u00bb button_text_size_last_edited=\u00bbon|phone\u00bb border_radii=\u00bbon|7px|7px|7px|7px\u00bb global_colors_info=\u00bb{}\u00bb][\/et_pb_wc_cart_notice][\/et_pb_column][\/et_pb_row][et_pb_row column_structure=\u00bb1_2,1_2&#8243; _builder_version=\u00bb4.16&#8243; background_size=\u00bbinitial\u00bb background_position=\u00bbtop_left\u00bb background_repeat=\u00bbrepeat\u00bb width=\u00bb100%\u00bb custom_padding=\u00bb0px||||false|false\u00bb global_colors_info=\u00bb{}\u00bb][et_pb_column type=\u00bb1_2&#8243; _builder_version=\u00bb4.16&#8243; custom_padding=\u00bb|||\u00bb global_colors_info=\u00bb{}\u00bb custom_padding__hover=\u00bb|||\u00bb][et_pb_wc_images _builder_version=\u00bb4.16&#8243; global_colors_info=\u00bb{}\u00bb][\/et_pb_wc_images][\/et_pb_column][et_pb_column type=\u00bb1_2&#8243; _builder_version=\u00bb4.16&#8243; custom_padding=\u00bb|||\u00bb global_colors_info=\u00bb{}\u00bb custom_padding__hover=\u00bb|||\u00bb][et_pb_wc_title _builder_version=\u00bb4.27.0&#8243; _module_preset=\u00bb24aec3b1-d311-459b-af7f-140f38ded502&#8243; header_text_align_tablet=\u00bb\u00bb header_text_align_phone=\u00bbcenter\u00bb header_text_align_last_edited=\u00bbon|phone\u00bb header_font_size_tablet=\u00bb\u00bb header_font_size_phone=\u00bb30px\u00bb header_font_size_last_edited=\u00bbon|phone\u00bb global_colors_info=\u00bb{}\u00bb][\/et_pb_wc_title][et_pb_wc_rating _builder_version=\u00bb4.16&#8243; _module_preset=\u00bb80a97d1d-0256-4d31-af0d-4848f85999a5&#8243; global_colors_info=\u00bb{}\u00bb][\/et_pb_wc_rating][et_pb_wc_price _builder_version=\u00bb4.16&#8243; _module_preset=\u00bbe236faa5-7e5a-4a57-86a7-c43fc6e67c8a\u00bb global_colors_info=\u00bb{}\u00bb][\/et_pb_wc_price][et_pb_wc_description _builder_version=\u00bb4.16&#8243; global_colors_info=\u00bb{}\u00bb][\/et_pb_wc_description][et_pb_wc_add_to_cart _builder_version=\u00bb4.16&#8243; _module_preset=\u00bb8bf5bea9-f3f8-4694-8dae-c828f41ec459&#8243; global_colors_info=\u00bb{}\u00bb][\/et_pb_wc_add_to_cart][et_pb_wc_meta _builder_version=\u00bb4.16&#8243; global_colors_info=\u00bb{}\u00bb][\/et_pb_wc_meta][\/et_pb_column][\/et_pb_row][et_pb_row _builder_version=\u00bb4.27.0&#8243; _module_preset=\u00bbdefault\u00bb width=\u00bb100%\u00bb global_colors_info=\u00bb{}\u00bb][et_pb_column type=\u00bb4_4&#8243; _builder_version=\u00bb4.27.0&#8243; _module_preset=\u00bbdefault\u00bb global_colors_info=\u00bb{}\u00bb][et_pb_text admin_label=\u00bbCaracter\u00edsticas \u00bb _builder_version=\u00bb4.27.2&#8243; _module_preset=\u00bbcadfe0b2-c0d7-4f2a-ac32-da38059d83bb\u00bb text_font_size=\u00bb30px\u00bb text_orientation=\u00bbleft\u00bb global_colors_info=\u00bb{}\u00bb]<\/p>\n<p>caracter\u00edsticas<\/p>\n<p>[\/et_pb_text][et_pb_toggle title=\u00bbDetalle\u00bb icon_color=\u00bb#06B8B3&#8243; open_icon_color=\u00bb#06B8B3&#8243; admin_label=\u00bbDetalle\u00bb _builder_version=\u00bb4.27.2&#8243; _module_preset=\u00bbdefault\u00bb title_font=\u00bbRoboto||||||||\u00bb width=\u00bb50%\u00bb border_color_all=\u00bb#06B8B3&#8243; global_colors_info=\u00bb{}\u00bb]<\/p>\n<ul>\n<li><strong>Producto recomendado para:<\/strong> Perros de todas las razas y tama\u00f1os.<\/li>\n<li><strong>Peso neto:<\/strong> 225 ml y 100 ml.<\/li>\n<li>NO USAR EN GATOS<\/li>\n<\/ul>\n<p>[\/et_pb_toggle][et_pb_toggle title=\u00bbIngredientes\u00bb icon_color=\u00bb#06B8B3&#8243; open_icon_color=\u00bb#06B8B3&#8243; admin_label=\u00bbIngredientes\u00bb _builder_version=\u00bb4.27.2&#8243; _module_preset=\u00bbdefault\u00bb title_font=\u00bbRoboto||||||||\u00bb width=\u00bb50%\u00bb custom_margin=\u00bb-20px||||false|false\u00bb border_color_all=\u00bb#06B8B3&#8243; global_colors_info=\u00bb{}\u00bb]<\/p>\n<ul>\n<li>\n<p class=\"p1\">Agua purificada, acondicionadores naturales, harina de avena coloidal, aloe vera, vitamina E, esencia de cereza silvestre, cera de abejas, extracto de pula de coco, aceite de coco, fragancia vegetal, repelentes naturales.<\/p>\n<\/li>\n<\/ul>\n<p>[\/et_pb_toggle][et_pb_toggle title=\u00bbModo de uso\u00bb icon_color=\u00bb#06B8B3&#8243; open_icon_color=\u00bb#06B8B3&#8243; admin_label=\u00bbModo de uso \u00bb _builder_version=\u00bb4.27.2&#8243; _module_preset=\u00bbdefault\u00bb title_font=\u00bbRoboto||||||||\u00bb width=\u00bb50%\u00bb custom_margin=\u00bb-20px||||false|false\u00bb border_color_all=\u00bb#06B8B3&#8243; global_colors_info=\u00bb{}\u00bb]<\/p>\n<ul>\n<li>Pulveriza a unos 10 cm del pelaje seco de tu perro. Aplica la cantidad necesaria seg\u00fan el tama\u00f1o y densidad del pelaje. Evita el contacto con ojos y mucosas.<\/li>\n<\/ul>\n<p>[\/et_pb_toggle][\/et_pb_column][\/et_pb_row][et_pb_row _builder_version=\u00bb4.16&#8243; background_size=\u00bbinitial\u00bb background_position=\u00bbtop_left\u00bb background_repeat=\u00bbrepeat\u00bb width=\u00bb100%\u00bb global_colors_info=\u00bb{}\u00bb][et_pb_column type=\u00bb4_4&#8243; _builder_version=\u00bb4.16&#8243; custom_padding=\u00bb|||\u00bb global_colors_info=\u00bb{}\u00bb custom_padding__hover=\u00bb|||\u00bb][et_pb_wc_tabs _builder_version=\u00bb4.16&#8243; _module_preset=\u00bb67edcf26-6d39-401b-8129-b01a9787d58b\u00bb global_colors_info=\u00bb{}\u00bb]\t\t\t\t\t[\/et_pb_wc_tabs][et_pb_wc_upsells _builder_version=\u00bb4.16&#8243; global_colors_info=\u00bb{}\u00bb][\/et_pb_wc_upsells][et_pb_wc_related_products _builder_version=\u00bb4.16&#8243; _module_preset=\u00bba5878a7a-d7cf-4ee5-baea-102f891b0714&#8243; global_colors_info=\u00bb{}\u00bb][\/et_pb_wc_related_products][\/et_pb_column][\/et_pb_row][\/et_pb_section]<\/p>\n","protected":false},"excerpt":{"rendered":"<p class=\"font-claude-response-body break-words whitespace-normal leading-[1.7]\">\u00bfTu perro huele rico solo los d\u00edas de ba\u00f1o? El Dog Splash Coco cambia eso. Un roc\u00edo y el aroma tropical de coco dura horas. sin alcohol, sin parabenos, sin da\u00f1ar la piel. Hidrata mientras perfuma y mantiene el pelaje suave y brillante entre ba\u00f1os. Disponible en 100ml para llevar a donde sea y 225ml para uso diario en casa.<\/p>\n<p class=\"font-claude-response-body break-words whitespace-normal leading-[1.7]\"><strong>Solo para perros. No usar en gatos.<\/strong><\/p>\n<ul>\n<li>\n<p class=\"p1\"><span class=\"s1\"><b>Aroma delicioso y duradero:<\/b><\/span> Fragancia natural de coco que deja el pelaje con un olor fresco y agradable.<\/p>\n<\/li>\n<li>\n<p class=\"p1\"><span class=\"s1\"><b>Hidrataci\u00f3n y brillo:<\/b><\/span> El coco ayuda a mantener el pelo suave, sedoso y con aspecto saludable.<\/p>\n<\/li>\n<li>\n<p class=\"p1\"><span class=\"s1\"><b>Cuidado suave y seguro:<\/b><\/span> Sin alcohol ni parabenos, ideal para pieles sensibles.<\/p>\n<\/li>\n<li>\n<p class=\"p1\"><span class=\"s1\"><b>Uso diario:<\/b><\/span> Perfecto para refrescar entre ba\u00f1os o despu\u00e9s de actividades al aire libre.<\/p>\n<\/li>\n<\/ul>\n","protected":false},"featured_media":3987,"comment_status":"open","ping_status":"closed","template":"","meta":{"_et_pb_use_builder":"on","_et_pb_old_content":"","_et_gb_content_width":""},"product_brand":[],"product_cat":[56],"product_tag":[62],"class_list":{"0":"post-3982","1":"product","2":"type-product","3":"status-publish","4":"has-post-thumbnail","6":"product_cat-mascotas","7":"product_tag-perros","9":"first","10":"instock","11":"shipping-taxable","12":"purchasable","13":"product-type-variable"},"yoast_head":"<!-- This site is optimized with the Yoast SEO plugin v27.4 - https:\/\/yoast.com\/product\/yoast-seo-wordpress\/ -->\n<title>Dog Splash Coco - Huellas de Amor<\/title>\n<meta name=\"description\" content=\"Elimina el olor entre ba\u00f1os, hidrata y deja un aroma tropical duradero. Con aceite de coco, aloe vera y repelentes naturales. Sin alcohol.\" \/>\n<meta name=\"robots\" content=\"index, follow, max-snippet:-1, max-image-preview:large, max-video-preview:-1\" \/>\n<link rel=\"canonical\" href=\"https:\/\/refugiohuellasdeamor.com\/en\/product\/dog-splash-coco\/\" \/>\n<meta property=\"og:locale\" content=\"en_US\" \/>\n<meta property=\"og:type\" content=\"article\" \/>\n<meta property=\"og:title\" content=\"Dog Splash Coco - Huellas de Amor\" \/>\n<meta property=\"og:description\" content=\"Elimina el olor entre ba\u00f1os, hidrata y deja un aroma tropical duradero. Con aceite de coco, aloe vera y repelentes naturales. Sin alcohol.\" \/>\n<meta property=\"og:url\" content=\"https:\/\/refugiohuellasdeamor.com\/en\/product\/dog-splash-coco\/\" \/>\n<meta property=\"og:site_name\" content=\"Huellas de Amor\" \/>\n<meta property=\"article:modified_time\" content=\"2026-04-12T23:13:34+00:00\" \/>\n<meta property=\"og:image\" content=\"https:\/\/refugiohuellasdeamor.com\/wp-content\/uploads\/2025\/10\/Coco-225-scaled.jpg\" \/>\n\t<meta property=\"og:image:width\" content=\"2880\" \/>\n\t<meta property=\"og:image:height\" content=\"2880\" \/>\n\t<meta property=\"og:image:type\" content=\"image\/jpeg\" \/>\n<meta name=\"twitter:card\" content=\"summary_large_image\" \/>\n<meta name=\"twitter:label1\" content=\"Est. reading time\" \/>\n\t<meta name=\"twitter:data1\" content=\"4 minutes\" \/>\n<script type=\"application\/ld+json\" class=\"yoast-schema-graph\">{\"@context\":\"https:\\\/\\\/schema.org\",\"@graph\":[{\"@type\":\"WebPage\",\"@id\":\"https:\\\/\\\/refugiohuellasdeamor.com\\\/producto\\\/dog-splash-coco\\\/\",\"url\":\"https:\\\/\\\/refugiohuellasdeamor.com\\\/producto\\\/dog-splash-coco\\\/\",\"name\":\"Dog Splash Coco - Huellas de Amor\",\"isPartOf\":{\"@id\":\"https:\\\/\\\/refugiohuellasdeamor.com\\\/#website\"},\"primaryImageOfPage\":{\"@id\":\"https:\\\/\\\/refugiohuellasdeamor.com\\\/producto\\\/dog-splash-coco\\\/#primaryimage\"},\"image\":{\"@id\":\"https:\\\/\\\/refugiohuellasdeamor.com\\\/producto\\\/dog-splash-coco\\\/#primaryimage\"},\"thumbnailUrl\":\"https:\\\/\\\/refugiohuellasdeamor.com\\\/wp-content\\\/uploads\\\/2025\\\/10\\\/Coco-225-scaled.jpg\",\"datePublished\":\"2025-10-27T21:08:02+00:00\",\"dateModified\":\"2026-04-12T23:13:34+00:00\",\"description\":\"Elimina el olor entre ba\u00f1os, hidrata y deja un aroma tropical duradero. Con aceite de coco, aloe vera y repelentes naturales. Sin alcohol.\",\"breadcrumb\":{\"@id\":\"https:\\\/\\\/refugiohuellasdeamor.com\\\/producto\\\/dog-splash-coco\\\/#breadcrumb\"},\"inLanguage\":\"en-US\",\"potentialAction\":[{\"@type\":\"ReadAction\",\"target\":[\"https:\\\/\\\/refugiohuellasdeamor.com\\\/producto\\\/dog-splash-coco\\\/\"]}]},{\"@type\":\"ImageObject\",\"inLanguage\":\"en-US\",\"@id\":\"https:\\\/\\\/refugiohuellasdeamor.com\\\/producto\\\/dog-splash-coco\\\/#primaryimage\",\"url\":\"https:\\\/\\\/refugiohuellasdeamor.com\\\/wp-content\\\/uploads\\\/2025\\\/10\\\/Coco-225-scaled.jpg\",\"contentUrl\":\"https:\\\/\\\/refugiohuellasdeamor.com\\\/wp-content\\\/uploads\\\/2025\\\/10\\\/Coco-225-scaled.jpg\",\"width\":2880,\"height\":2880},{\"@type\":\"BreadcrumbList\",\"@id\":\"https:\\\/\\\/refugiohuellasdeamor.com\\\/producto\\\/dog-splash-coco\\\/#breadcrumb\",\"itemListElement\":[{\"@type\":\"ListItem\",\"position\":1,\"name\":\"Portada\",\"item\":\"https:\\\/\\\/refugiohuellasdeamor.com\\\/\"},{\"@type\":\"ListItem\",\"position\":2,\"name\":\"Tienda Huellera\",\"item\":\"https:\\\/\\\/refugiohuellasdeamor.com\\\/tienda-huellera\\\/\"},{\"@type\":\"ListItem\",\"position\":3,\"name\":\"Dog Splash Coco\"}]},{\"@type\":\"WebSite\",\"@id\":\"https:\\\/\\\/refugiohuellasdeamor.com\\\/#website\",\"url\":\"https:\\\/\\\/refugiohuellasdeamor.com\\\/\",\"name\":\"Huellas de Amor\",\"description\":\"\",\"potentialAction\":[{\"@type\":\"SearchAction\",\"target\":{\"@type\":\"EntryPoint\",\"urlTemplate\":\"https:\\\/\\\/refugiohuellasdeamor.com\\\/?s={search_term_string}\"},\"query-input\":{\"@type\":\"PropertyValueSpecification\",\"valueRequired\":true,\"valueName\":\"search_term_string\"}}],\"inLanguage\":\"en-US\"}]}<\/script>\n<!-- \/ Yoast SEO plugin. -->","yoast_head_json":{"title":"Dog Splash Coco - Huellas de Amor","description":"Elimina el olor entre ba\u00f1os, hidrata y deja un aroma tropical duradero. Con aceite de coco, aloe vera y repelentes naturales. Sin alcohol.","robots":{"index":"index","follow":"follow","max-snippet":"max-snippet:-1","max-image-preview":"max-image-preview:large","max-video-preview":"max-video-preview:-1"},"canonical":"https:\/\/refugiohuellasdeamor.com\/en\/product\/dog-splash-coco\/","og_locale":"en_US","og_type":"article","og_title":"Dog Splash Coco - Huellas de Amor","og_description":"Elimina el olor entre ba\u00f1os, hidrata y deja un aroma tropical duradero. Con aceite de coco, aloe vera y repelentes naturales. Sin alcohol.","og_url":"https:\/\/refugiohuellasdeamor.com\/en\/product\/dog-splash-coco\/","og_site_name":"Huellas de Amor","article_modified_time":"2026-04-12T23:13:34+00:00","og_image":[{"width":2880,"height":2880,"url":"https:\/\/refugiohuellasdeamor.com\/wp-content\/uploads\/2025\/10\/Coco-225-scaled.jpg","type":"image\/jpeg"}],"twitter_card":"summary_large_image","twitter_misc":{"Est. reading time":"4 minutes"},"schema":{"@context":"https:\/\/schema.org","@graph":[{"@type":"WebPage","@id":"https:\/\/refugiohuellasdeamor.com\/producto\/dog-splash-coco\/","url":"https:\/\/refugiohuellasdeamor.com\/producto\/dog-splash-coco\/","name":"Dog Splash Coco - Huellas de Amor","isPartOf":{"@id":"https:\/\/refugiohuellasdeamor.com\/#website"},"primaryImageOfPage":{"@id":"https:\/\/refugiohuellasdeamor.com\/producto\/dog-splash-coco\/#primaryimage"},"image":{"@id":"https:\/\/refugiohuellasdeamor.com\/producto\/dog-splash-coco\/#primaryimage"},"thumbnailUrl":"https:\/\/refugiohuellasdeamor.com\/wp-content\/uploads\/2025\/10\/Coco-225-scaled.jpg","datePublished":"2025-10-27T21:08:02+00:00","dateModified":"2026-04-12T23:13:34+00:00","description":"Elimina el olor entre ba\u00f1os, hidrata y deja un aroma tropical duradero. Con aceite de coco, aloe vera y repelentes naturales. Sin alcohol.","breadcrumb":{"@id":"https:\/\/refugiohuellasdeamor.com\/producto\/dog-splash-coco\/#breadcrumb"},"inLanguage":"en-US","potentialAction":[{"@type":"ReadAction","target":["https:\/\/refugiohuellasdeamor.com\/producto\/dog-splash-coco\/"]}]},{"@type":"ImageObject","inLanguage":"en-US","@id":"https:\/\/refugiohuellasdeamor.com\/producto\/dog-splash-coco\/#primaryimage","url":"https:\/\/refugiohuellasdeamor.com\/wp-content\/uploads\/2025\/10\/Coco-225-scaled.jpg","contentUrl":"https:\/\/refugiohuellasdeamor.com\/wp-content\/uploads\/2025\/10\/Coco-225-scaled.jpg","width":2880,"height":2880},{"@type":"BreadcrumbList","@id":"https:\/\/refugiohuellasdeamor.com\/producto\/dog-splash-coco\/#breadcrumb","itemListElement":[{"@type":"ListItem","position":1,"name":"Portada","item":"https:\/\/refugiohuellasdeamor.com\/"},{"@type":"ListItem","position":2,"name":"Tienda Huellera","item":"https:\/\/refugiohuellasdeamor.com\/tienda-huellera\/"},{"@type":"ListItem","position":3,"name":"Dog Splash Coco"}]},{"@type":"WebSite","@id":"https:\/\/refugiohuellasdeamor.com\/#website","url":"https:\/\/refugiohuellasdeamor.com\/","name":"Huellas de Amor","description":"","potentialAction":[{"@type":"SearchAction","target":{"@type":"EntryPoint","urlTemplate":"https:\/\/refugiohuellasdeamor.com\/?s={search_term_string}"},"query-input":{"@type":"PropertyValueSpecification","valueRequired":true,"valueName":"search_term_string"}}],"inLanguage":"en-US"}]}},"jetpack_sharing_enabled":true,"_links":{"self":[{"href":"https:\/\/refugiohuellasdeamor.com\/en\/wp-json\/wp\/v2\/product\/3982","targetHints":{"allow":["GET"]}}],"collection":[{"href":"https:\/\/refugiohuellasdeamor.com\/en\/wp-json\/wp\/v2\/product"}],"about":[{"href":"https:\/\/refugiohuellasdeamor.com\/en\/wp-json\/wp\/v2\/types\/product"}],"replies":[{"embeddable":true,"href":"https:\/\/refugiohuellasdeamor.com\/en\/wp-json\/wp\/v2\/comments?post=3982"}],"wp:featuredmedia":[{"embeddable":true,"href":"https:\/\/refugiohuellasdeamor.com\/en\/wp-json\/wp\/v2\/media\/3987"}],"wp:attachment":[{"href":"https:\/\/refugiohuellasdeamor.com\/en\/wp-json\/wp\/v2\/media?parent=3982"}],"wp:term":[{"taxonomy":"product_brand","embeddable":true,"href":"https:\/\/refugiohuellasdeamor.com\/en\/wp-json\/wp\/v2\/product_brand?post=3982"},{"taxonomy":"product_cat","embeddable":true,"href":"https:\/\/refugiohuellasdeamor.com\/en\/wp-json\/wp\/v2\/product_cat?post=3982"},{"taxonomy":"product_tag","embeddable":true,"href":"https:\/\/refugiohuellasdeamor.com\/en\/wp-json\/wp\/v2\/product_tag?post=3982"}],"curies":[{"name":"wp","href":"https:\/\/api.w.org\/{rel}","templated":true}]}}