{"id":4423,"date":"2026-04-13T09:59:54","date_gmt":"2026-04-13T14:59:54","guid":{"rendered":"https:\/\/refugiohuellasdeamor.com\/?post_type=product&#038;p=4423"},"modified":"2026-04-13T10:10:12","modified_gmt":"2026-04-13T15:10:12","slug":"chocolate","status":"publish","type":"product","link":"https:\/\/refugiohuellasdeamor.com\/en\/product\/chocolate\/","title":{"rendered":"Chocolate"},"content":{"rendered":"<p>[et_pb_section fb_built=\u00bb1&#8243; _builder_version=\u00bb4.27.0&#8243; _module_preset=\u00bbdefault\u00bb background_color=\u00bb#06B8B3&#8243; positioning=\u00bbfixed\u00bb position_origin_f=\u00bbtop_center\u00bb z_index=\u00bb500&#8243; min_height=\u00bb87px\u00bb custom_margin=\u00bb0px||0px|0px|false|false\u00bb custom_margin_tablet=\u00bb0px||0px|0px|false|false\u00bb custom_margin_phone=\u00bb0px||0px|0px|false|false\u00bb custom_margin_last_edited=\u00bbon|desktop\u00bb custom_padding=\u00bb1px||0px||false|false\u00bb da_disable_devices=\u00bboff|off|off\u00bb global_colors_info=\u00bb{}\u00bb da_is_popup=\u00bboff\u00bb da_exit_intent=\u00bboff\u00bb da_has_close=\u00bbon\u00bb da_alt_close=\u00bboff\u00bb da_dark_close=\u00bboff\u00bb da_not_modal=\u00bbon\u00bb da_is_singular=\u00bboff\u00bb da_with_loader=\u00bboff\u00bb da_has_shadow=\u00bbon\u00bb][et_pb_row column_structure=\u00bb1_3,1_3,1_3&#8243; _builder_version=\u00bb4.27.0&#8243; _module_preset=\u00bbdefault\u00bb vertical_offset=\u00bb47px\u00bb min_height=\u00bb14px\u00bb height=\u00bb10px\u00bb custom_margin=\u00bb0px||0px||false|false\u00bb custom_padding=\u00bb||||false|false\u00bb global_colors_info=\u00bb{}\u00bb][et_pb_column type=\u00bb1_3&#8243; _builder_version=\u00bb4.16&#8243; _module_preset=\u00bbdefault\u00bb global_colors_info=\u00bb{}\u00bb][et_pb_image src=\u00bbhttps:\/\/refugiohuellasdeamor.com\/wp-content\/uploads\/2023\/03\/logo-horizontal-1.png\u00bb url=\u00bbhttps:\/\/refugiohuellasdeamor.com\/inicio\u00bb _builder_version=\u00bb4.16&#8243; _dynamic_attributes=\u00bburl\u00bb _module_preset=\u00bbdefault\u00bb positioning=\u00bbabsolute\u00bb vertical_offset=\u00bb-71px\u00bb width=\u00bb68%\u00bb width_tablet=\u00bb29%\u00bb width_phone=\u00bb52%\u00bb width_last_edited=\u00bbon|phone\u00bb custom_margin=\u00bb-9px||0px|-134px|false|false\u00bb custom_margin_tablet=\u00bb2px|||-35px|false|false\u00bb custom_margin_phone=\u00bb0px|||-33px|false|false\u00bb custom_margin_last_edited=\u00bbon|phone\u00bb custom_padding=\u00bb0px||||false|false\u00bb global_colors_info=\u00bb{}\u00bb][\/et_pb_image][\/et_pb_column][et_pb_column type=\u00bb1_3&#8243; _builder_version=\u00bb4.16&#8243; _module_preset=\u00bbdefault\u00bb global_colors_info=\u00bb{}\u00bb][et_pb_menu menu_style=\u00bbcentered\u00bb active_link_color=\u00bb#FFD600&#8243; dropdown_menu_bg_color=\u00bb#06B8B3&#8243; dropdown_menu_line_color=\u00bb#FFD600&#8243; dropdown_menu_text_color=\u00bb#FFFFFF\u00bb dropdown_menu_active_link_color=\u00bb#FFD600&#8243; mobile_menu_bg_color=\u00bb#06B8B3&#8243; mobile_menu_text_color=\u00bb#FFFFFF\u00bb logo_width=\u00bb100%\u00bb logo_height=\u00bb416px\u00bb show_cart_icon=\u00bbon\u00bb cart_icon_color=\u00bb#FFD600&#8243; search_icon_color=\u00bb#FFD600&#8243; menu_icon_color=\u00bb#FFD600&#8243; cart_icon_font_size=\u00bb27px\u00bb logo_tablet=\u00bb\u00bb logo_phone=\u00bb\u00bb logo_last_edited=\u00bbon|desktop\u00bb logo_height_tablet=\u00bb\u00bb logo_height_phone=\u00bb\u00bb logo_height_last_edited=\u00bbon|desktop\u00bb admin_label=\u00bbMen\u00fa\u00bb _builder_version=\u00bb4.16&#8243; _module_preset=\u00bbdefault\u00bb menu_font=\u00bbRoboto||||||||\u00bb menu_text_color=\u00bb#FFFFFF\u00bb menu_font_size=\u00bb17px\u00bb background_color=\u00bbRGBA(0,0,0,0)\u00bb positioning=\u00bbabsolute\u00bb position_origin_a=\u00bbtop_center\u00bb vertical_offset=\u00bb-89px\u00bb width=\u00bb842px\u00bb max_width=\u00bb481%\u00bb max_width_tablet=\u00bb\u00bb max_width_phone=\u00bb\u00bb max_width_last_edited=\u00bbon|desktop\u00bb custom_margin=\u00bb40px||0px|-16px|false|false\u00bb custom_margin_tablet=\u00bb-15px||-172px|300px|false|false\u00bb custom_margin_phone=\u00bb9px|||137px|false|false\u00bb custom_margin_last_edited=\u00bbon|phone\u00bb custom_padding=\u00bb|0px|0px|0px|false|false\u00bb menu_font_size_tablet=\u00bb\u00bb menu_font_size_phone=\u00bb\u00bb menu_font_size_last_edited=\u00bbon|desktop\u00bb global_colors_info=\u00bb{}\u00bb active_link_color__hover_enabled=\u00bbon|hover\u00bb active_link_color__hover=\u00bb#FFD600&#8243;][\/et_pb_menu][\/et_pb_column][et_pb_column type=\u00bb1_3&#8243; _builder_version=\u00bb4.16&#8243; _module_preset=\u00bbdefault\u00bb custom_padding_tablet=\u00bb\u00bb custom_padding_phone=\u00bb||||false|false\u00bb custom_padding_last_edited=\u00bbon|phone\u00bb global_colors_info=\u00bb{}\u00bb][et_pb_button button_url=\u00bb@ET-DC@eyJkeW5hbWljIjp0cnVlLCJjb250ZW50IjoicG9zdF9saW5rX3VybF9wYWdlIiwic2V0dGluZ3MiOnsicG9zdF9pZCI6IjU3In19@\u00bb button_text=\u00bbDonar\u00bb _builder_version=\u00bb4.16&#8243; _dynamic_attributes=\u00bbbutton_url\u00bb _module_preset=\u00bbdefault\u00bb custom_button=\u00bbon\u00bb button_text_size=\u00bb19px\u00bb button_text_color=\u00bb#535353&#8243; button_bg_color=\u00bb#FFD600&#8243; button_border_width=\u00bb0px\u00bb button_border_radius=\u00bb10px\u00bb button_icon=\u00bb&#xe089;||divi||400&#8243; button_icon_color=\u00bb#535353&#8243; button_icon_placement=\u00bbleft\u00bb button_on_hover=\u00bboff\u00bb transform_scale_tablet=\u00bb\u00bb transform_scale_phone=\u00bb\u00bb transform_scale_last_edited=\u00bbon|tablet\u00bb transform_translate_tablet=\u00bb\u00bb transform_translate_phone=\u00bb\u00bb transform_translate_last_edited=\u00bbon|desktop\u00bb transform_rotate_tablet=\u00bb\u00bb transform_rotate_phone=\u00bb\u00bb transform_rotate_last_edited=\u00bbon|desktop\u00bb transform_skew_tablet=\u00bb\u00bb transform_skew_phone=\u00bb\u00bb transform_skew_last_edited=\u00bbon|desktop\u00bb transform_origin_tablet=\u00bb\u00bb transform_origin_phone=\u00bb\u00bb transform_origin_last_edited=\u00bbon|desktop\u00bb transform_styles_last_edited=\u00bbon|tablet\u00bb positioning=\u00bbabsolute\u00bb position_origin_a=\u00bbtop_right\u00bb vertical_offset=\u00bb-41px\u00bb horizontal_offset=\u00bb-46px\u00bb custom_margin=\u00bb-13px|52px|0px|52px|false|true\u00bb custom_margin_tablet=\u00bb-121px|211px|||false|false\u00bb custom_margin_phone=\u00bb-119px|123px||-62px|false|false\u00bb custom_margin_last_edited=\u00bbon|phone\u00bb custom_padding=\u00bb|20px|4px|45px|false|false\u00bb custom_padding_tablet=\u00bb\u00bb custom_padding_phone=\u00bb|13px|4px|38px|false|false\u00bb custom_padding_last_edited=\u00bbon|phone\u00bb button_text_size_tablet=\u00bb\u00bb button_text_size_phone=\u00bb18px\u00bb button_text_size_last_edited=\u00bbon|phone\u00bb transform_styles_tablet=\u00bb\u00bb transform_styles_phone=\u00bb\u00bb global_colors_info=\u00bb{}\u00bb button_text_color__hover=\u00bb#535353&#8243; button_text_color__hover_enabled=\u00bbon|hover\u00bb transform_styles__hover_enabled=\u00bbon|desktop\u00bb transform_scale__hover=\u00bb110%|110%\u00bb transform_scale__hover_enabled=\u00bbon|desktop\u00bb transform_translate__hover_enabled=\u00bbon|desktop\u00bb transform_rotate__hover_enabled=\u00bbon|desktop\u00bb transform_skew__hover_enabled=\u00bbon|desktop\u00bb transform_origin__hover_enabled=\u00bbon|desktop\u00bb][\/et_pb_button][\/et_pb_column][\/et_pb_row][\/et_pb_section][et_pb_section fb_built=\u00bb1&#8243; _builder_version=\u00bb4.16&#8243; custom_padding=\u00bb0px||||false|false\u00bb da_disable_devices=\u00bboff|off|off\u00bb global_colors_info=\u00bb{}\u00bb da_is_popup=\u00bboff\u00bb da_exit_intent=\u00bboff\u00bb da_has_close=\u00bbon\u00bb da_alt_close=\u00bboff\u00bb da_dark_close=\u00bboff\u00bb da_not_modal=\u00bbon\u00bb da_is_singular=\u00bboff\u00bb da_with_loader=\u00bboff\u00bb da_has_shadow=\u00bbon\u00bb][et_pb_row _builder_version=\u00bb4.16&#8243; background_size=\u00bbinitial\u00bb background_position=\u00bbtop_left\u00bb background_repeat=\u00bbrepeat\u00bb width=\u00bb100%\u00bb custom_padding=\u00bb0px||0px||false|false\u00bb global_colors_info=\u00bb{}\u00bb][et_pb_column type=\u00bb4_4&#8243; _builder_version=\u00bb4.16&#8243; custom_padding=\u00bb|||\u00bb global_colors_info=\u00bb{}\u00bb custom_padding__hover=\u00bb|||\u00bb][et_pb_wc_breadcrumb _builder_version=\u00bb4.27.0&#8243; custom_margin_tablet=\u00bb\u00bb custom_margin_phone=\u00bb130px||||false|false\u00bb custom_margin_last_edited=\u00bbon|phone\u00bb global_colors_info=\u00bb{}\u00bb][\/et_pb_wc_breadcrumb][\/et_pb_column][\/et_pb_row][et_pb_row column_structure=\u00bb1_2,1_2&#8243; _builder_version=\u00bb4.16&#8243; background_size=\u00bbinitial\u00bb background_position=\u00bbtop_left\u00bb background_repeat=\u00bbrepeat\u00bb width=\u00bb100%\u00bb custom_padding=\u00bb0px||||false|false\u00bb global_colors_info=\u00bb{}\u00bb][et_pb_column type=\u00bb1_2&#8243; _builder_version=\u00bb4.16&#8243; custom_padding=\u00bb|||\u00bb global_colors_info=\u00bb{}\u00bb custom_padding__hover=\u00bb|||\u00bb][et_pb_wc_images _builder_version=\u00bb4.16&#8243; global_colors_info=\u00bb{}\u00bb][\/et_pb_wc_images][\/et_pb_column][et_pb_column type=\u00bb1_2&#8243; _builder_version=\u00bb4.16&#8243; custom_padding=\u00bb|||\u00bb global_colors_info=\u00bb{}\u00bb custom_padding__hover=\u00bb|||\u00bb][et_pb_wc_title _builder_version=\u00bb4.16&#8243; _module_preset=\u00bb24aec3b1-d311-459b-af7f-140f38ded502&#8243; global_colors_info=\u00bb{}\u00bb][\/et_pb_wc_title][et_pb_wc_description _builder_version=\u00bb4.16&#8243; global_colors_info=\u00bb{}\u00bb][\/et_pb_wc_description][et_pb_wc_meta _builder_version=\u00bb4.16&#8243; global_colors_info=\u00bb{}\u00bb][\/et_pb_wc_meta][et_pb_button button_url=\u00bbhttps:\/\/wa.link\/vtz833&#8243; url_new_window=\u00bbon\u00bb button_text=\u00bbAdoptame\u00bb _builder_version=\u00bb4.27.2&#8243; _module_preset=\u00bb9d31aaed-5044-466e-86cd-0eba5a98d1e4&#8243; hover_enabled=\u00bb0&#8243; global_colors_info=\u00bb{}\u00bb sticky_enabled=\u00bb0&#8243;][\/et_pb_button][\/et_pb_column][\/et_pb_row][\/et_pb_section][et_pb_section fb_built=\u00bb1&#8243; _builder_version=\u00bb4.16&#8243; _module_preset=\u00bbdefault\u00bb da_disable_devices=\u00bboff|off|off\u00bb global_colors_info=\u00bb{}\u00bb da_is_popup=\u00bboff\u00bb da_exit_intent=\u00bboff\u00bb da_has_close=\u00bbon\u00bb da_alt_close=\u00bboff\u00bb da_dark_close=\u00bboff\u00bb da_not_modal=\u00bbon\u00bb da_is_singular=\u00bboff\u00bb da_with_loader=\u00bboff\u00bb da_has_shadow=\u00bbon\u00bb][et_pb_row _builder_version=\u00bb4.27.2&#8243; _module_preset=\u00bbdefault\u00bb hover_enabled=\u00bb0&#8243; global_colors_info=\u00bb{}\u00bb sticky_enabled=\u00bb0&#8243;][et_pb_column type=\u00bb4_4&#8243; _builder_version=\u00bb4.16&#8243; _module_preset=\u00bbdefault\u00bb global_colors_info=\u00bb{}\u00bb][et_pb_image src=\u00bbhttps:\/\/refugiohuellasdeamor.com\/wp-content\/uploads\/2024\/11\/image.jpeg\u00bb _builder_version=\u00bb4.27.2&#8243; _module_preset=\u00bbdefault\u00bb hover_enabled=\u00bb0&#8243; global_colors_info=\u00bb{}\u00bb sticky_enabled=\u00bb0&#8243;][\/et_pb_image][\/et_pb_column][\/et_pb_row][\/et_pb_section]<\/p>\n","protected":false},"excerpt":{"rendered":"<div class=\"fusion-title title fusion-title-2 fusion-sep-none fusion-title-text fusion-title-size-four\">\n<div class=\"fusion-title title fusion-title-2 fusion-sep-none fusion-title-text fusion-title-size-four\">\n<h1 class=\"title-heading-left fusion-responsive-typography-calculated\"><span style=\"color: #06b8b3;\">Name<\/span><\/h1>\n<\/div>\n<div class=\"fusion-text fusion-text-1\">\n<p>Chocolate<\/p>\n<\/div>\n<div class=\"fusion-title title fusion-title-3 fusion-sep-none fusion-title-text fusion-title-size-four\">\n<h2 class=\"title-heading-left fusion-responsive-typography-calculated\"><span style=\"color: #06b8b3;\">Edad<\/span><\/h2>\n<\/div>\n<div class=\"fusion-text fusion-text-2\">\n<p>2 a\u00f1os<\/p>\n<\/div>\n<div class=\"fusion-title title fusion-title-4 fusion-sep-none fusion-title-text fusion-title-size-four\">\n<h2 class=\"title-heading-left fusion-responsive-typography-calculated\"><span style=\"color: #06b8b3;\">Talla<\/span><\/h2>\n<\/div>\n<div class=\"fusion-text fusion-text-3\">\n<p>Grande<\/p>\n<\/div>\n<div class=\"fusion-title title fusion-title-5 fusion-sep-none fusion-title-text fusion-title-size-four\">\n<h2 class=\"title-heading-left fusion-responsive-typography-calculated\"><span style=\"color: #06b8b3;\">Descripci\u00f3n<\/span><\/h2>\n<p class=\"p1\">Chocolate viaj\u00f3 desde Buenaventura despu\u00e9s de haber sido atropellado, buscando una oportunidad para salir adelante \ud83c\udfe1\u2728. En Pereira recibi\u00f3 la atenci\u00f3n que necesitaba, incluyendo una cirug\u00eda ortop\u00e9dica que cambi\u00f3 su vida \ud83d\udcaa\ud83d\udc36.<\/p>\n<p class=\"p1\">Hoy es un perrito feliz, juguet\u00f3n y lleno de energ\u00eda. Le encanta correr, disfrutar y compartir momentos llenos de alegr\u00eda con quienes lo rodean \ud83d\udc3e\ud83d\udc95. Su historia es un ejemplo de superaci\u00f3n y de c\u00f3mo el amor puede transformar vidas.<\/p>\n<p class=\"p1\">Chocolate ahora espera con ilusi\u00f3n ese hogar donde lo cuiden, jueguen con \u00e9l y le regalen una vida llena de cari\u00f1o y aventuras \ud83c\udfe1\ud83d\udc96\ud83d\udc3e<\/p>\n<\/div>\n<\/div>","protected":false},"featured_media":4425,"comment_status":"open","ping_status":"closed","template":"","meta":{"_et_pb_use_builder":"on","_et_pb_old_content":"","_et_gb_content_width":""},"product_brand":[],"product_cat":[48],"product_tag":[],"class_list":{"0":"post-4423","1":"product","2":"type-product","3":"status-publish","4":"has-post-thumbnail","6":"product_cat-perros","8":"first","9":"instock","10":"virtual","11":"product-type-simple"},"yoast_head":"<!-- This site is optimized with the Yoast SEO plugin v27.4 - https:\/\/yoast.com\/product\/yoast-seo-wordpress\/ -->\n<title>Chocolate - Huellas de Amor<\/title>\n<meta name=\"description\" content=\"Conoce a Chocolate, un perrito en adopci\u00f3n listo para un hogar amoroso. Mira sus fotos, conoce su historia y c\u00f3mo adoptarlo hoy.\" \/>\n<meta name=\"robots\" content=\"index, follow, max-snippet:-1, max-image-preview:large, max-video-preview:-1\" \/>\n<link rel=\"canonical\" href=\"https:\/\/refugiohuellasdeamor.com\/en\/product\/chocolate\/\" \/>\n<meta property=\"og:locale\" content=\"en_US\" \/>\n<meta property=\"og:type\" content=\"article\" \/>\n<meta property=\"og:title\" content=\"Chocolate - Huellas de Amor\" \/>\n<meta property=\"og:description\" content=\"Conoce a Chocolate, un perrito en adopci\u00f3n listo para un hogar amoroso. Mira sus fotos, conoce su historia y c\u00f3mo adoptarlo hoy.\" \/>\n<meta property=\"og:url\" content=\"https:\/\/refugiohuellasdeamor.com\/en\/product\/chocolate\/\" \/>\n<meta property=\"og:site_name\" content=\"Huellas de Amor\" \/>\n<meta property=\"article:modified_time\" content=\"2026-04-13T15:10:12+00:00\" \/>\n<meta property=\"og:image\" content=\"https:\/\/refugiohuellasdeamor.com\/wp-content\/uploads\/2026\/04\/Chocolate-1-scaled.jpg\" \/>\n\t<meta property=\"og:image:width\" content=\"2304\" \/>\n\t<meta property=\"og:image:height\" content=\"2880\" \/>\n\t<meta property=\"og:image:type\" content=\"image\/jpeg\" \/>\n<meta name=\"twitter:card\" content=\"summary_large_image\" \/>\n<meta name=\"twitter:label1\" content=\"Est. reading time\" \/>\n\t<meta name=\"twitter:data1\" content=\"3 minutes\" \/>\n<script type=\"application\/ld+json\" class=\"yoast-schema-graph\">{\"@context\":\"https:\\\/\\\/schema.org\",\"@graph\":[{\"@type\":\"WebPage\",\"@id\":\"https:\\\/\\\/refugiohuellasdeamor.com\\\/producto\\\/chocolate\\\/\",\"url\":\"https:\\\/\\\/refugiohuellasdeamor.com\\\/producto\\\/chocolate\\\/\",\"name\":\"Chocolate - Huellas de Amor\",\"isPartOf\":{\"@id\":\"https:\\\/\\\/refugiohuellasdeamor.com\\\/#website\"},\"primaryImageOfPage\":{\"@id\":\"https:\\\/\\\/refugiohuellasdeamor.com\\\/producto\\\/chocolate\\\/#primaryimage\"},\"image\":{\"@id\":\"https:\\\/\\\/refugiohuellasdeamor.com\\\/producto\\\/chocolate\\\/#primaryimage\"},\"thumbnailUrl\":\"https:\\\/\\\/refugiohuellasdeamor.com\\\/wp-content\\\/uploads\\\/2026\\\/04\\\/Chocolate-1-scaled.jpg\",\"datePublished\":\"2026-04-13T14:59:54+00:00\",\"dateModified\":\"2026-04-13T15:10:12+00:00\",\"description\":\"Conoce a Chocolate, un perrito en adopci\u00f3n listo para un hogar amoroso. Mira sus fotos, conoce su historia y c\u00f3mo adoptarlo hoy.\",\"breadcrumb\":{\"@id\":\"https:\\\/\\\/refugiohuellasdeamor.com\\\/producto\\\/chocolate\\\/#breadcrumb\"},\"inLanguage\":\"en-US\",\"potentialAction\":[{\"@type\":\"ReadAction\",\"target\":[\"https:\\\/\\\/refugiohuellasdeamor.com\\\/producto\\\/chocolate\\\/\"]}]},{\"@type\":\"ImageObject\",\"inLanguage\":\"en-US\",\"@id\":\"https:\\\/\\\/refugiohuellasdeamor.com\\\/producto\\\/chocolate\\\/#primaryimage\",\"url\":\"https:\\\/\\\/refugiohuellasdeamor.com\\\/wp-content\\\/uploads\\\/2026\\\/04\\\/Chocolate-1-scaled.jpg\",\"contentUrl\":\"https:\\\/\\\/refugiohuellasdeamor.com\\\/wp-content\\\/uploads\\\/2026\\\/04\\\/Chocolate-1-scaled.jpg\",\"width\":2304,\"height\":2880},{\"@type\":\"BreadcrumbList\",\"@id\":\"https:\\\/\\\/refugiohuellasdeamor.com\\\/producto\\\/chocolate\\\/#breadcrumb\",\"itemListElement\":[{\"@type\":\"ListItem\",\"position\":1,\"name\":\"Portada\",\"item\":\"https:\\\/\\\/refugiohuellasdeamor.com\\\/\"},{\"@type\":\"ListItem\",\"position\":2,\"name\":\"Tienda Huellera\",\"item\":\"https:\\\/\\\/refugiohuellasdeamor.com\\\/tienda-huellera\\\/\"},{\"@type\":\"ListItem\",\"position\":3,\"name\":\"Chocolate\"}]},{\"@type\":\"WebSite\",\"@id\":\"https:\\\/\\\/refugiohuellasdeamor.com\\\/#website\",\"url\":\"https:\\\/\\\/refugiohuellasdeamor.com\\\/\",\"name\":\"Huellas de Amor\",\"description\":\"\",\"potentialAction\":[{\"@type\":\"SearchAction\",\"target\":{\"@type\":\"EntryPoint\",\"urlTemplate\":\"https:\\\/\\\/refugiohuellasdeamor.com\\\/?s={search_term_string}\"},\"query-input\":{\"@type\":\"PropertyValueSpecification\",\"valueRequired\":true,\"valueName\":\"search_term_string\"}}],\"inLanguage\":\"en-US\"}]}<\/script>\n<!-- \/ Yoast SEO plugin. -->","yoast_head_json":{"title":"Chocolate - Huellas de Amor","description":"Conoce a Chocolate, un perrito en adopci\u00f3n listo para un hogar amoroso. Mira sus fotos, conoce su historia y c\u00f3mo adoptarlo hoy.","robots":{"index":"index","follow":"follow","max-snippet":"max-snippet:-1","max-image-preview":"max-image-preview:large","max-video-preview":"max-video-preview:-1"},"canonical":"https:\/\/refugiohuellasdeamor.com\/en\/product\/chocolate\/","og_locale":"en_US","og_type":"article","og_title":"Chocolate - Huellas de Amor","og_description":"Conoce a Chocolate, un perrito en adopci\u00f3n listo para un hogar amoroso. Mira sus fotos, conoce su historia y c\u00f3mo adoptarlo hoy.","og_url":"https:\/\/refugiohuellasdeamor.com\/en\/product\/chocolate\/","og_site_name":"Huellas de Amor","article_modified_time":"2026-04-13T15:10:12+00:00","og_image":[{"width":2304,"height":2880,"url":"https:\/\/refugiohuellasdeamor.com\/wp-content\/uploads\/2026\/04\/Chocolate-1-scaled.jpg","type":"image\/jpeg"}],"twitter_card":"summary_large_image","twitter_misc":{"Est. reading time":"3 minutes"},"schema":{"@context":"https:\/\/schema.org","@graph":[{"@type":"WebPage","@id":"https:\/\/refugiohuellasdeamor.com\/producto\/chocolate\/","url":"https:\/\/refugiohuellasdeamor.com\/producto\/chocolate\/","name":"Chocolate - Huellas de Amor","isPartOf":{"@id":"https:\/\/refugiohuellasdeamor.com\/#website"},"primaryImageOfPage":{"@id":"https:\/\/refugiohuellasdeamor.com\/producto\/chocolate\/#primaryimage"},"image":{"@id":"https:\/\/refugiohuellasdeamor.com\/producto\/chocolate\/#primaryimage"},"thumbnailUrl":"https:\/\/refugiohuellasdeamor.com\/wp-content\/uploads\/2026\/04\/Chocolate-1-scaled.jpg","datePublished":"2026-04-13T14:59:54+00:00","dateModified":"2026-04-13T15:10:12+00:00","description":"Conoce a Chocolate, un perrito en adopci\u00f3n listo para un hogar amoroso. Mira sus fotos, conoce su historia y c\u00f3mo adoptarlo hoy.","breadcrumb":{"@id":"https:\/\/refugiohuellasdeamor.com\/producto\/chocolate\/#breadcrumb"},"inLanguage":"en-US","potentialAction":[{"@type":"ReadAction","target":["https:\/\/refugiohuellasdeamor.com\/producto\/chocolate\/"]}]},{"@type":"ImageObject","inLanguage":"en-US","@id":"https:\/\/refugiohuellasdeamor.com\/producto\/chocolate\/#primaryimage","url":"https:\/\/refugiohuellasdeamor.com\/wp-content\/uploads\/2026\/04\/Chocolate-1-scaled.jpg","contentUrl":"https:\/\/refugiohuellasdeamor.com\/wp-content\/uploads\/2026\/04\/Chocolate-1-scaled.jpg","width":2304,"height":2880},{"@type":"BreadcrumbList","@id":"https:\/\/refugiohuellasdeamor.com\/producto\/chocolate\/#breadcrumb","itemListElement":[{"@type":"ListItem","position":1,"name":"Portada","item":"https:\/\/refugiohuellasdeamor.com\/"},{"@type":"ListItem","position":2,"name":"Tienda Huellera","item":"https:\/\/refugiohuellasdeamor.com\/tienda-huellera\/"},{"@type":"ListItem","position":3,"name":"Chocolate"}]},{"@type":"WebSite","@id":"https:\/\/refugiohuellasdeamor.com\/#website","url":"https:\/\/refugiohuellasdeamor.com\/","name":"Huellas de Amor","description":"","potentialAction":[{"@type":"SearchAction","target":{"@type":"EntryPoint","urlTemplate":"https:\/\/refugiohuellasdeamor.com\/?s={search_term_string}"},"query-input":{"@type":"PropertyValueSpecification","valueRequired":true,"valueName":"search_term_string"}}],"inLanguage":"en-US"}]}},"jetpack_sharing_enabled":true,"_links":{"self":[{"href":"https:\/\/refugiohuellasdeamor.com\/en\/wp-json\/wp\/v2\/product\/4423","targetHints":{"allow":["GET"]}}],"collection":[{"href":"https:\/\/refugiohuellasdeamor.com\/en\/wp-json\/wp\/v2\/product"}],"about":[{"href":"https:\/\/refugiohuellasdeamor.com\/en\/wp-json\/wp\/v2\/types\/product"}],"replies":[{"embeddable":true,"href":"https:\/\/refugiohuellasdeamor.com\/en\/wp-json\/wp\/v2\/comments?post=4423"}],"wp:featuredmedia":[{"embeddable":true,"href":"https:\/\/refugiohuellasdeamor.com\/en\/wp-json\/wp\/v2\/media\/4425"}],"wp:attachment":[{"href":"https:\/\/refugiohuellasdeamor.com\/en\/wp-json\/wp\/v2\/media?parent=4423"}],"wp:term":[{"taxonomy":"product_brand","embeddable":true,"href":"https:\/\/refugiohuellasdeamor.com\/en\/wp-json\/wp\/v2\/product_brand?post=4423"},{"taxonomy":"product_cat","embeddable":true,"href":"https:\/\/refugiohuellasdeamor.com\/en\/wp-json\/wp\/v2\/product_cat?post=4423"},{"taxonomy":"product_tag","embeddable":true,"href":"https:\/\/refugiohuellasdeamor.com\/en\/wp-json\/wp\/v2\/product_tag?post=4423"}],"curies":[{"name":"wp","href":"https:\/\/api.w.org\/{rel}","templated":true}]}}